{"id":295,"date":"2023-06-01T23:31:04","date_gmt":"2023-06-01T23:31:04","guid":{"rendered":"https:\/\/bovicer.pt\/?page_id=295"},"modified":"2024-03-22T12:00:46","modified_gmt":"2024-03-22T12:00:46","slug":"pecuaria","status":"publish","type":"page","link":"https:\/\/bovicer.pt\/en\/pecuaria\/","title":{"rendered":"Beef production"},"content":{"rendered":"<div data-elementor-type=\"wp-page\" data-elementor-id=\"295\" class=\"elementor elementor-295\" data-elementor-post-type=\"page\">\n\t\t\t\t\t\t<section class=\"elementor-section elementor-top-section elementor-element elementor-element-2c211478 elementor-section-full_width elementor-section-height-min-height elementor-section-items-stretch elementor-section-content-middle elementor-section-height-default\" data-id=\"2c211478\" data-element_type=\"section\">\n\t\t\t\t\t\t<div class=\"elementor-container elementor-column-gap-no\">\n\t\t\t\t\t<div class=\"elementor-column elementor-col-50 elementor-top-column elementor-element elementor-element-23ac5e0d\" data-id=\"23ac5e0d\" data-element_type=\"column\" data-settings=\"{&quot;background_background&quot;:&quot;classic&quot;,&quot;background_motion_fx_motion_fx_scrolling&quot;:&quot;yes&quot;,&quot;background_motion_fx_scale_effect&quot;:&quot;yes&quot;,&quot;background_motion_fx_scale_direction&quot;:&quot;out-in&quot;,&quot;background_motion_fx_scale_speed&quot;:{&quot;unit&quot;:&quot;px&quot;,&quot;size&quot;:4,&quot;sizes&quot;:[]},&quot;background_motion_fx_scale_range&quot;:{&quot;unit&quot;:&quot;%&quot;,&quot;size&quot;:&quot;&quot;,&quot;sizes&quot;:{&quot;start&quot;:20,&quot;end&quot;:80}},&quot;background_motion_fx_devices&quot;:[&quot;desktop&quot;,&quot;laptop&quot;,&quot;tablet&quot;,&quot;mobile&quot;]}\">\n\t\t\t<div class=\"elementor-widget-wrap elementor-element-populated\">\n\t\t\t\t\t\t<div class=\"elementor-element elementor-element-4bde1423 elementor-widget elementor-widget-spacer\" data-id=\"4bde1423\" data-element_type=\"widget\" data-widget_type=\"spacer.default\">\n\t\t\t\t<div class=\"elementor-widget-container\">\n\t\t\t\t\t\t\t<div class=\"elementor-spacer\">\n\t\t\t<div class=\"elementor-spacer-inner\"><\/div>\n\t\t<\/div>\n\t\t\t\t\t\t<\/div>\n\t\t\t\t<\/div>\n\t\t\t\t\t<\/div>\n\t\t<\/div>\n\t\t\t\t<div class=\"elementor-column elementor-col-50 elementor-top-column elementor-element elementor-element-2ebbf6b3\" data-id=\"2ebbf6b3\" data-element_type=\"column\">\n\t\t\t<div class=\"elementor-widget-wrap elementor-element-populated\">\n\t\t\t\t\t\t<div class=\"elementor-element elementor-element-13a4ce2c elementor-widget elementor-widget-heading\" data-id=\"13a4ce2c\" data-element_type=\"widget\" data-widget_type=\"heading.default\">\n\t\t\t\t<div class=\"elementor-widget-container\">\n\t\t\t\t\t<h1 class=\"elementor-heading-title elementor-size-default\">Beef production<\/h1>\t\t\t\t<\/div>\n\t\t\t\t<\/div>\n\t\t\t\t<div class=\"elementor-element elementor-element-6363965 elementor-widget elementor-widget-text-editor\" data-id=\"6363965\" data-element_type=\"widget\" data-widget_type=\"text-editor.default\">\n\t\t\t\t<div class=\"elementor-widget-container\">\n\t\t\t\t\t\t\t\t\t<p>Our herd is driven by animal welfare.<\/p><p>Pastures in the cork oak forest with cattle promote the biodiversity of species and increase the content of organic matter in the soil, with the consequent carbon sequestration.<\/p><p>Livestock activity is fundamental for the sustainability of the territory. Without livestock it is very difficult to make an economic activity profitable on a mixed farm of irrigated, dryland and forest land.<\/p>\t\t\t\t\t\t\t\t<\/div>\n\t\t\t\t<\/div>\n\t\t\t\t\t<\/div>\n\t\t<\/div>\n\t\t\t\t\t<\/div>\n\t\t<\/section>\n\t\t\t\t<section class=\"elementor-section elementor-top-section elementor-element elementor-element-42e81ea2 elementor-section-full_width elementor-section-height-default elementor-section-height-default\" data-id=\"42e81ea2\" data-element_type=\"section\">\n\t\t\t\t\t\t<div class=\"elementor-container elementor-column-gap-no\">\n\t\t\t\t\t<div class=\"elementor-column elementor-col-100 elementor-top-column elementor-element elementor-element-8044e43\" data-id=\"8044e43\" data-element_type=\"column\">\n\t\t\t<div class=\"elementor-widget-wrap elementor-element-populated\">\n\t\t\t\t\t\t<div class=\"elementor-element elementor-element-c162d92 elementor-cta--layout-image-left elementor-cta--valign-middle elementor-cta--mobile-layout-image-above elementor-cta--skin-classic elementor-animated-content elementor-bg-transform elementor-bg-transform-zoom-in elementor-widget elementor-widget-call-to-action\" data-id=\"c162d92\" data-element_type=\"widget\" data-widget_type=\"call-to-action.default\">\n\t\t\t\t<div class=\"elementor-widget-container\">\n\t\t\t\t\t\t\t<div class=\"elementor-cta\">\n\t\t\t\t\t<div class=\"elementor-cta__bg-wrapper\">\n\t\t\t\t<div class=\"elementor-cta__bg elementor-bg\" style=\"background-image: url(https:\/\/bovicer.pt\/wp-content\/uploads\/2024\/02\/12.jpg);\" role=\"img\" aria-label=\"12\"><\/div>\n\t\t\t\t<div class=\"elementor-cta__bg-overlay\"><\/div>\n\t\t\t<\/div>\n\t\t\t\t\t\t\t<div class=\"elementor-cta__content\">\n\t\t\t\t\n\t\t\t\t\t\t\t\t\t<h4 class=\"elementor-cta__title elementor-cta__content-item elementor-content-item\">\n\t\t\t\t\t\tBreeding\t\t\t\t\t<\/h4>\n\t\t\t\t\n\t\t\t\t\t\t\t\t\t<div class=\"elementor-cta__description elementor-cta__content-item elementor-content-item\">\n\t\t\t\t\t\tThe bulls we raise follow the same management as the commercial herd, they do not have any different treatment. We want bulls adapted to the countryside, based on grazing and genetics improved in these natural conditions. Our bulls born in the meadow, depend on their mothers' milk and the quality of the pasture. They are subject to a rigorous selection and improvement process.\t\t\t\t\t<\/div>\n\t\t\t\t\n\t\t\t\t\t\t\t<\/div>\n\t\t\t\t\t\t<\/div>\n\t\t\t\t\t\t<\/div>\n\t\t\t\t<\/div>\n\t\t\t\t\t<\/div>\n\t\t<\/div>\n\t\t\t\t\t<\/div>\n\t\t<\/section>\n\t\t\t\t<\/div>","protected":false},"excerpt":{"rendered":"<p>Toda a produ\u00e7\u00e3o pecu\u00e1ria \u00e9 conduzida pelo bem-estar animal. As pastagens no montado com gado promovem a biodiversidade de esp\u00e9cies e aumentam o teor de mat\u00e9ria org\u00e2nica no solo, com o consequente sequestro de carbono. A atividade pecu\u00e1ria \u00e9 fundamental para a sustentabilidade do territ\u00f3rio. Sem pecu\u00e1ria \u00e9 muito dif\u00edcil rentabilizar uma atividade econ\u00f3mica numa [&hellip;]<\/p>","protected":false},"author":1,"featured_media":0,"parent":0,"menu_order":0,"comment_status":"closed","ping_status":"closed","template":"elementor_header_footer","meta":{"inline_featured_image":false,"footnotes":""},"class_list":["post-295","page","type-page","status-publish","hentry"],"yoast_head":"<!-- This site is optimized with the Yoast SEO plugin v25.5 - https:\/\/yoast.com\/wordpress\/plugins\/seo\/ -->\n<title>Pecu\u00e1ria - Bovicer<\/title>\n<meta name=\"robots\" content=\"index, follow, max-snippet:-1, max-image-preview:large, max-video-preview:-1\" \/>\n<link rel=\"canonical\" href=\"https:\/\/bovicer.pt\/en\/pecuaria\/\" \/>\n<meta property=\"og:locale\" content=\"en_GB\" \/>\n<meta property=\"og:type\" content=\"article\" \/>\n<meta property=\"og:title\" content=\"Pecu\u00e1ria - Bovicer\" \/>\n<meta property=\"og:description\" content=\"Toda a produ\u00e7\u00e3o pecu\u00e1ria \u00e9 conduzida pelo bem-estar animal. As pastagens no montado com gado promovem a biodiversidade de esp\u00e9cies e aumentam o teor de mat\u00e9ria org\u00e2nica no solo, com o consequente sequestro de carbono. A atividade pecu\u00e1ria \u00e9 fundamental para a sustentabilidade do territ\u00f3rio. Sem pecu\u00e1ria \u00e9 muito dif\u00edcil rentabilizar uma atividade econ\u00f3mica numa [&hellip;]\" \/>\n<meta property=\"og:url\" content=\"https:\/\/bovicer.pt\/en\/pecuaria\/\" \/>\n<meta property=\"og:site_name\" content=\"Bovicer\" \/>\n<meta property=\"article:modified_time\" content=\"2024-03-22T12:00:46+00:00\" \/>\n<meta name=\"twitter:card\" content=\"summary_large_image\" \/>\n<meta name=\"twitter:label1\" content=\"Estimated reading time\" \/>\n\t<meta name=\"twitter:data1\" content=\"1 minute\" \/>\n<script type=\"application\/ld+json\" class=\"yoast-schema-graph\">{\"@context\":\"https:\/\/schema.org\",\"@graph\":[{\"@type\":\"WebPage\",\"@id\":\"https:\/\/bovicer.pt\/pecuaria\/\",\"url\":\"https:\/\/bovicer.pt\/pecuaria\/\",\"name\":\"Pecu\u00e1ria - Bovicer\",\"isPartOf\":{\"@id\":\"https:\/\/bovicer.pt\/#website\"},\"datePublished\":\"2023-06-01T23:31:04+00:00\",\"dateModified\":\"2024-03-22T12:00:46+00:00\",\"breadcrumb\":{\"@id\":\"https:\/\/bovicer.pt\/pecuaria\/#breadcrumb\"},\"inLanguage\":\"en-GB\",\"potentialAction\":[{\"@type\":\"ReadAction\",\"target\":[\"https:\/\/bovicer.pt\/pecuaria\/\"]}]},{\"@type\":\"BreadcrumbList\",\"@id\":\"https:\/\/bovicer.pt\/pecuaria\/#breadcrumb\",\"itemListElement\":[{\"@type\":\"ListItem\",\"position\":1,\"name\":\"In\u00edcio\",\"item\":\"https:\/\/bovicer.pt\/\"},{\"@type\":\"ListItem\",\"position\":2,\"name\":\"Pecu\u00e1ria\"}]},{\"@type\":\"WebSite\",\"@id\":\"https:\/\/bovicer.pt\/#website\",\"url\":\"https:\/\/bovicer.pt\/\",\"name\":\"Bovicer\",\"description\":\"Bovinos e Cereais\",\"publisher\":{\"@id\":\"https:\/\/bovicer.pt\/#organization\"},\"potentialAction\":[{\"@type\":\"SearchAction\",\"target\":{\"@type\":\"EntryPoint\",\"urlTemplate\":\"https:\/\/bovicer.pt\/?s={search_term_string}\"},\"query-input\":{\"@type\":\"PropertyValueSpecification\",\"valueRequired\":true,\"valueName\":\"search_term_string\"}}],\"inLanguage\":\"en-GB\"},{\"@type\":\"Organization\",\"@id\":\"https:\/\/bovicer.pt\/#organization\",\"name\":\"Bovicer\",\"url\":\"https:\/\/bovicer.pt\/\",\"logo\":{\"@type\":\"ImageObject\",\"inLanguage\":\"en-GB\",\"@id\":\"https:\/\/bovicer.pt\/#\/schema\/logo\/image\/\",\"url\":\"https:\/\/bovicer.pt\/wp-content\/uploads\/2023\/05\/bovi_footer.svg\",\"contentUrl\":\"https:\/\/bovicer.pt\/wp-content\/uploads\/2023\/05\/bovi_footer.svg\",\"width\":2463,\"height\":417,\"caption\":\"Bovicer\"},\"image\":{\"@id\":\"https:\/\/bovicer.pt\/#\/schema\/logo\/image\/\"}}]}<\/script>\n<!-- \/ Yoast SEO plugin. -->","yoast_head_json":{"title":"Pecu\u00e1ria - Bovicer","robots":{"index":"index","follow":"follow","max-snippet":"max-snippet:-1","max-image-preview":"max-image-preview:large","max-video-preview":"max-video-preview:-1"},"canonical":"https:\/\/bovicer.pt\/en\/pecuaria\/","og_locale":"en_GB","og_type":"article","og_title":"Pecu\u00e1ria - Bovicer","og_description":"Toda a produ\u00e7\u00e3o pecu\u00e1ria \u00e9 conduzida pelo bem-estar animal. As pastagens no montado com gado promovem a biodiversidade de esp\u00e9cies e aumentam o teor de mat\u00e9ria org\u00e2nica no solo, com o consequente sequestro de carbono. A atividade pecu\u00e1ria \u00e9 fundamental para a sustentabilidade do territ\u00f3rio. Sem pecu\u00e1ria \u00e9 muito dif\u00edcil rentabilizar uma atividade econ\u00f3mica numa [&hellip;]","og_url":"https:\/\/bovicer.pt\/en\/pecuaria\/","og_site_name":"Bovicer","article_modified_time":"2024-03-22T12:00:46+00:00","twitter_card":"summary_large_image","twitter_misc":{"Estimated reading time":"1 minute"},"schema":{"@context":"https:\/\/schema.org","@graph":[{"@type":"WebPage","@id":"https:\/\/bovicer.pt\/pecuaria\/","url":"https:\/\/bovicer.pt\/pecuaria\/","name":"Pecu\u00e1ria - Bovicer","isPartOf":{"@id":"https:\/\/bovicer.pt\/#website"},"datePublished":"2023-06-01T23:31:04+00:00","dateModified":"2024-03-22T12:00:46+00:00","breadcrumb":{"@id":"https:\/\/bovicer.pt\/pecuaria\/#breadcrumb"},"inLanguage":"en-GB","potentialAction":[{"@type":"ReadAction","target":["https:\/\/bovicer.pt\/pecuaria\/"]}]},{"@type":"BreadcrumbList","@id":"https:\/\/bovicer.pt\/pecuaria\/#breadcrumb","itemListElement":[{"@type":"ListItem","position":1,"name":"In\u00edcio","item":"https:\/\/bovicer.pt\/"},{"@type":"ListItem","position":2,"name":"Pecu\u00e1ria"}]},{"@type":"WebSite","@id":"https:\/\/bovicer.pt\/#website","url":"https:\/\/bovicer.pt\/","name":"Bovicer","description":"Bovinos e Cereais","publisher":{"@id":"https:\/\/bovicer.pt\/#organization"},"potentialAction":[{"@type":"SearchAction","target":{"@type":"EntryPoint","urlTemplate":"https:\/\/bovicer.pt\/?s={search_term_string}"},"query-input":{"@type":"PropertyValueSpecification","valueRequired":true,"valueName":"search_term_string"}}],"inLanguage":"en-GB"},{"@type":"Organization","@id":"https:\/\/bovicer.pt\/#organization","name":"Bovicer","url":"https:\/\/bovicer.pt\/","logo":{"@type":"ImageObject","inLanguage":"en-GB","@id":"https:\/\/bovicer.pt\/#\/schema\/logo\/image\/","url":"https:\/\/bovicer.pt\/wp-content\/uploads\/2023\/05\/bovi_footer.svg","contentUrl":"https:\/\/bovicer.pt\/wp-content\/uploads\/2023\/05\/bovi_footer.svg","width":2463,"height":417,"caption":"Bovicer"},"image":{"@id":"https:\/\/bovicer.pt\/#\/schema\/logo\/image\/"}}]}},"_links":{"self":[{"href":"https:\/\/bovicer.pt\/en\/wp-json\/wp\/v2\/pages\/295","targetHints":{"allow":["GET"]}}],"collection":[{"href":"https:\/\/bovicer.pt\/en\/wp-json\/wp\/v2\/pages"}],"about":[{"href":"https:\/\/bovicer.pt\/en\/wp-json\/wp\/v2\/types\/page"}],"author":[{"embeddable":true,"href":"https:\/\/bovicer.pt\/en\/wp-json\/wp\/v2\/users\/1"}],"replies":[{"embeddable":true,"href":"https:\/\/bovicer.pt\/en\/wp-json\/wp\/v2\/comments?post=295"}],"version-history":[{"count":0,"href":"https:\/\/bovicer.pt\/en\/wp-json\/wp\/v2\/pages\/295\/revisions"}],"wp:attachment":[{"href":"https:\/\/bovicer.pt\/en\/wp-json\/wp\/v2\/media?parent=295"}],"curies":[{"name":"wp","href":"https:\/\/api.w.org\/{rel}","templated":true}]}}