{"id":301,"date":"2023-06-01T23:35:19","date_gmt":"2023-06-01T23:35:19","guid":{"rendered":"https:\/\/bovicer.pt\/?page_id=301"},"modified":"2024-03-22T12:01:43","modified_gmt":"2024-03-22T12:01:43","slug":"regadio","status":"publish","type":"page","link":"https:\/\/bovicer.pt\/en\/regadio\/","title":{"rendered":"Water"},"content":{"rendered":"<div data-elementor-type=\"wp-page\" data-elementor-id=\"301\" class=\"elementor elementor-301\" data-elementor-post-type=\"page\">\n\t\t\t\t\t\t<section class=\"elementor-section elementor-top-section elementor-element elementor-element-758f410e elementor-section-full_width elementor-section-height-min-height elementor-section-items-stretch elementor-section-content-middle elementor-reverse-tablet elementor-section-height-default\" data-id=\"758f410e\" data-element_type=\"section\">\n\t\t\t\t\t\t<div class=\"elementor-container elementor-column-gap-no\">\n\t\t\t\t\t<div class=\"elementor-column elementor-col-50 elementor-top-column elementor-element elementor-element-3afb42f0\" data-id=\"3afb42f0\" data-element_type=\"column\" data-settings=\"{&quot;background_background&quot;:&quot;classic&quot;,&quot;background_motion_fx_motion_fx_scrolling&quot;:&quot;yes&quot;,&quot;background_motion_fx_scale_effect&quot;:&quot;yes&quot;,&quot;background_motion_fx_scale_direction&quot;:&quot;out-in&quot;,&quot;background_motion_fx_scale_speed&quot;:{&quot;unit&quot;:&quot;px&quot;,&quot;size&quot;:4,&quot;sizes&quot;:[]},&quot;background_motion_fx_scale_range&quot;:{&quot;unit&quot;:&quot;%&quot;,&quot;size&quot;:&quot;&quot;,&quot;sizes&quot;:{&quot;start&quot;:20,&quot;end&quot;:80}},&quot;background_motion_fx_devices&quot;:[&quot;desktop&quot;,&quot;laptop&quot;,&quot;tablet&quot;,&quot;mobile&quot;]}\">\n\t\t\t<div class=\"elementor-widget-wrap elementor-element-populated\">\n\t\t\t\t\t\t<div class=\"elementor-element elementor-element-53669a26 elementor-widget elementor-widget-spacer\" data-id=\"53669a26\" data-element_type=\"widget\" data-widget_type=\"spacer.default\">\n\t\t\t\t<div class=\"elementor-widget-container\">\n\t\t\t\t\t\t\t<div class=\"elementor-spacer\">\n\t\t\t<div class=\"elementor-spacer-inner\"><\/div>\n\t\t<\/div>\n\t\t\t\t\t\t<\/div>\n\t\t\t\t<\/div>\n\t\t\t\t\t<\/div>\n\t\t<\/div>\n\t\t\t\t<div class=\"elementor-column elementor-col-50 elementor-top-column elementor-element elementor-element-70e1685d\" data-id=\"70e1685d\" data-element_type=\"column\">\n\t\t\t<div class=\"elementor-widget-wrap elementor-element-populated\">\n\t\t\t\t\t\t<div class=\"elementor-element elementor-element-33851f78 elementor-widget elementor-widget-heading\" data-id=\"33851f78\" data-element_type=\"widget\" data-widget_type=\"heading.default\">\n\t\t\t\t<div class=\"elementor-widget-container\">\n\t\t\t\t\t<h1 class=\"elementor-heading-title elementor-size-default\">Water<\/h1>\t\t\t\t<\/div>\n\t\t\t\t<\/div>\n\t\t\t\t<div class=\"elementor-element elementor-element-3b6180ef elementor-widget elementor-widget-text-editor\" data-id=\"3b6180ef\" data-element_type=\"widget\" data-widget_type=\"text-editor.default\">\n\t\t\t\t<div class=\"elementor-widget-container\">\n\t\t\t\t\t\t\t\t\t<p>Sustainable and efficient water management.<\/p><p>The conversion from spring\/summer irrigated crops to autumn\/winter irrigated crops allowed a 3.5-fold reduction in water consumption, as it is only intended to compensate for periods of no rainfall.<\/p><p>The increase in water productivity has made it possible to increase the irrigated area from 80 to 220 hectares.<\/p>\t\t\t\t\t\t\t\t<\/div>\n\t\t\t\t<\/div>\n\t\t\t\t\t<\/div>\n\t\t<\/div>\n\t\t\t\t\t<\/div>\n\t\t<\/section>\n\t\t\t\t<section class=\"elementor-section elementor-top-section elementor-element elementor-element-62bb52b elementor-section-full_width elementor-section-height-min-height elementor-section-items-stretch elementor-section-content-middle elementor-reverse-tablet elementor-section-height-default\" data-id=\"62bb52b\" data-element_type=\"section\" data-settings=\"{&quot;background_background&quot;:&quot;classic&quot;}\">\n\t\t\t\t\t\t<div class=\"elementor-container elementor-column-gap-no\">\n\t\t\t\t\t<div class=\"elementor-column elementor-col-50 elementor-top-column elementor-element elementor-element-39dd2d4\" data-id=\"39dd2d4\" data-element_type=\"column\" data-settings=\"{&quot;background_background&quot;:&quot;classic&quot;,&quot;background_motion_fx_motion_fx_scrolling&quot;:&quot;yes&quot;,&quot;background_motion_fx_scale_effect&quot;:&quot;yes&quot;,&quot;background_motion_fx_scale_direction&quot;:&quot;out-in&quot;,&quot;background_motion_fx_scale_speed&quot;:{&quot;unit&quot;:&quot;px&quot;,&quot;size&quot;:4,&quot;sizes&quot;:[]},&quot;background_motion_fx_scale_range&quot;:{&quot;unit&quot;:&quot;%&quot;,&quot;size&quot;:&quot;&quot;,&quot;sizes&quot;:{&quot;start&quot;:20,&quot;end&quot;:80}},&quot;background_motion_fx_devices&quot;:[&quot;desktop&quot;,&quot;laptop&quot;,&quot;tablet&quot;,&quot;mobile&quot;]}\">\n\t\t\t<div class=\"elementor-widget-wrap elementor-element-populated\">\n\t\t\t\t\t\t<div class=\"elementor-element elementor-element-66660da elementor-widget elementor-widget-spacer\" data-id=\"66660da\" data-element_type=\"widget\" data-widget_type=\"spacer.default\">\n\t\t\t\t<div class=\"elementor-widget-container\">\n\t\t\t\t\t\t\t<div class=\"elementor-spacer\">\n\t\t\t<div class=\"elementor-spacer-inner\"><\/div>\n\t\t<\/div>\n\t\t\t\t\t\t<\/div>\n\t\t\t\t<\/div>\n\t\t\t\t\t<\/div>\n\t\t<\/div>\n\t\t\t\t<div class=\"elementor-column elementor-col-50 elementor-top-column elementor-element elementor-element-12ff0e9\" data-id=\"12ff0e9\" data-element_type=\"column\">\n\t\t\t<div class=\"elementor-widget-wrap elementor-element-populated\">\n\t\t\t\t\t\t<div class=\"elementor-element elementor-element-4f0355a elementor-widget elementor-widget-heading\" data-id=\"4f0355a\" data-element_type=\"widget\" data-widget_type=\"heading.default\">\n\t\t\t\t<div class=\"elementor-widget-container\">\n\t\t\t\t\t<h2 class=\"elementor-heading-title elementor-size-default\">Sustainable use of water<\/h2>\t\t\t\t<\/div>\n\t\t\t\t<\/div>\n\t\t\t\t<div class=\"elementor-element elementor-element-8d3aa5f elementor-icon-list--layout-traditional elementor-list-item-link-full_width elementor-widget elementor-widget-icon-list\" data-id=\"8d3aa5f\" data-element_type=\"widget\" data-widget_type=\"icon-list.default\">\n\t\t\t\t<div class=\"elementor-widget-container\">\n\t\t\t\t\t\t\t<ul class=\"elementor-icon-list-items\">\n\t\t\t\t\t\t\t<li class=\"elementor-icon-list-item\">\n\t\t\t\t\t\t\t\t\t\t\t<span class=\"elementor-icon-list-icon\">\n\t\t\t\t\t\t\t<i aria-hidden=\"true\" class=\"fas fa-check\"><\/i>\t\t\t\t\t\t<\/span>\n\t\t\t\t\t\t\t\t\t\t<span class=\"elementor-icon-list-text\">Efficient irrigation with photovoltaic energy<\/span>\n\t\t\t\t\t\t\t\t\t<\/li>\n\t\t\t\t\t\t\t\t<li class=\"elementor-icon-list-item\">\n\t\t\t\t\t\t\t\t\t\t\t<span class=\"elementor-icon-list-icon\">\n\t\t\t\t\t\t\t<i aria-hidden=\"true\" class=\"fas fa-check\"><\/i>\t\t\t\t\t\t<\/span>\n\t\t\t\t\t\t\t\t\t\t<span class=\"elementor-icon-list-text\">Sustainable water consumption 1,500 m3\/ha per year<\/span>\n\t\t\t\t\t\t\t\t\t<\/li>\n\t\t\t\t\t\t\t\t<li class=\"elementor-icon-list-item\">\n\t\t\t\t\t\t\t\t\t\t\t<span class=\"elementor-icon-list-icon\">\n\t\t\t\t\t\t\t<i aria-hidden=\"true\" class=\"fas fa-check\"><\/i>\t\t\t\t\t\t<\/span>\n\t\t\t\t\t\t\t\t\t\t<span class=\"elementor-icon-list-text\">Predictability of water reserves <\/span>\n\t\t\t\t\t\t\t\t\t<\/li>\n\t\t\t\t\t\t\t\t<li class=\"elementor-icon-list-item\">\n\t\t\t\t\t\t\t\t\t\t\t<span class=\"elementor-icon-list-icon\">\n\t\t\t\t\t\t\t<i aria-hidden=\"true\" class=\"fas fa-check\"><\/i>\t\t\t\t\t\t<\/span>\n\t\t\t\t\t\t\t\t\t\t<span class=\"elementor-icon-list-text\">Adapting to climate change with autumn\/winter irrigation <\/span>\n\t\t\t\t\t\t\t\t\t<\/li>\n\t\t\t\t\t\t<\/ul>\n\t\t\t\t\t\t<\/div>\n\t\t\t\t<\/div>\n\t\t\t\t\t<\/div>\n\t\t<\/div>\n\t\t\t\t\t<\/div>\n\t\t<\/section>\n\t\t\t\t<\/div>","protected":false},"excerpt":{"rendered":"<p>Gest\u00e3o sustent\u00e1vel e eficiente da \u00e1gua. A convers\u00e3o de culturas regadas de Primavera\/Ver\u00e3o para culturas regadas de Outono\/Inverno permitiu uma redu\u00e7\u00e3o de 3,5 vezes do consumo de \u00e1gua, uma vez que esta se destina apenas a compensar per\u00edodos de aus\u00eancia de chuva. O aumento da produtividade da \u00e1gua permitiu aumentar a \u00e1rea de regadio de [&hellip;]<\/p>","protected":false},"author":1,"featured_media":0,"parent":0,"menu_order":0,"comment_status":"closed","ping_status":"closed","template":"elementor_header_footer","meta":{"inline_featured_image":false,"footnotes":""},"class_list":["post-301","page","type-page","status-publish","hentry"],"yoast_head":"<!-- This site is optimized with the Yoast SEO plugin v25.5 - https:\/\/yoast.com\/wordpress\/plugins\/seo\/ -->\n<title>\u00c1gua - Bovicer<\/title>\n<meta name=\"robots\" content=\"index, follow, max-snippet:-1, max-image-preview:large, max-video-preview:-1\" \/>\n<link rel=\"canonical\" href=\"https:\/\/bovicer.pt\/en\/regadio\/\" \/>\n<meta property=\"og:locale\" content=\"en_GB\" \/>\n<meta property=\"og:type\" content=\"article\" \/>\n<meta property=\"og:title\" content=\"\u00c1gua - Bovicer\" \/>\n<meta property=\"og:description\" content=\"Gest\u00e3o sustent\u00e1vel e eficiente da \u00e1gua. A convers\u00e3o de culturas regadas de Primavera\/Ver\u00e3o para culturas regadas de Outono\/Inverno permitiu uma redu\u00e7\u00e3o de 3,5 vezes do consumo de \u00e1gua, uma vez que esta se destina apenas a compensar per\u00edodos de aus\u00eancia de chuva. O aumento da produtividade da \u00e1gua permitiu aumentar a \u00e1rea de regadio de [&hellip;]\" \/>\n<meta property=\"og:url\" content=\"https:\/\/bovicer.pt\/en\/regadio\/\" \/>\n<meta property=\"og:site_name\" content=\"Bovicer\" \/>\n<meta property=\"article:modified_time\" content=\"2024-03-22T12:01:43+00:00\" \/>\n<meta name=\"twitter:card\" content=\"summary_large_image\" \/>\n<meta name=\"twitter:label1\" content=\"Estimated reading time\" \/>\n\t<meta name=\"twitter:data1\" content=\"1 minute\" \/>\n<script type=\"application\/ld+json\" class=\"yoast-schema-graph\">{\"@context\":\"https:\/\/schema.org\",\"@graph\":[{\"@type\":\"WebPage\",\"@id\":\"https:\/\/bovicer.pt\/regadio\/\",\"url\":\"https:\/\/bovicer.pt\/regadio\/\",\"name\":\"\u00c1gua - Bovicer\",\"isPartOf\":{\"@id\":\"https:\/\/bovicer.pt\/#website\"},\"datePublished\":\"2023-06-01T23:35:19+00:00\",\"dateModified\":\"2024-03-22T12:01:43+00:00\",\"breadcrumb\":{\"@id\":\"https:\/\/bovicer.pt\/regadio\/#breadcrumb\"},\"inLanguage\":\"en-GB\",\"potentialAction\":[{\"@type\":\"ReadAction\",\"target\":[\"https:\/\/bovicer.pt\/regadio\/\"]}]},{\"@type\":\"BreadcrumbList\",\"@id\":\"https:\/\/bovicer.pt\/regadio\/#breadcrumb\",\"itemListElement\":[{\"@type\":\"ListItem\",\"position\":1,\"name\":\"In\u00edcio\",\"item\":\"https:\/\/bovicer.pt\/\"},{\"@type\":\"ListItem\",\"position\":2,\"name\":\"\u00c1gua\"}]},{\"@type\":\"WebSite\",\"@id\":\"https:\/\/bovicer.pt\/#website\",\"url\":\"https:\/\/bovicer.pt\/\",\"name\":\"Bovicer\",\"description\":\"Bovinos e Cereais\",\"publisher\":{\"@id\":\"https:\/\/bovicer.pt\/#organization\"},\"potentialAction\":[{\"@type\":\"SearchAction\",\"target\":{\"@type\":\"EntryPoint\",\"urlTemplate\":\"https:\/\/bovicer.pt\/?s={search_term_string}\"},\"query-input\":{\"@type\":\"PropertyValueSpecification\",\"valueRequired\":true,\"valueName\":\"search_term_string\"}}],\"inLanguage\":\"en-GB\"},{\"@type\":\"Organization\",\"@id\":\"https:\/\/bovicer.pt\/#organization\",\"name\":\"Bovicer\",\"url\":\"https:\/\/bovicer.pt\/\",\"logo\":{\"@type\":\"ImageObject\",\"inLanguage\":\"en-GB\",\"@id\":\"https:\/\/bovicer.pt\/#\/schema\/logo\/image\/\",\"url\":\"https:\/\/bovicer.pt\/wp-content\/uploads\/2023\/05\/bovi_footer.svg\",\"contentUrl\":\"https:\/\/bovicer.pt\/wp-content\/uploads\/2023\/05\/bovi_footer.svg\",\"width\":2463,\"height\":417,\"caption\":\"Bovicer\"},\"image\":{\"@id\":\"https:\/\/bovicer.pt\/#\/schema\/logo\/image\/\"}}]}<\/script>\n<!-- \/ Yoast SEO plugin. -->","yoast_head_json":{"title":"\u00c1gua - Bovicer","robots":{"index":"index","follow":"follow","max-snippet":"max-snippet:-1","max-image-preview":"max-image-preview:large","max-video-preview":"max-video-preview:-1"},"canonical":"https:\/\/bovicer.pt\/en\/regadio\/","og_locale":"en_GB","og_type":"article","og_title":"\u00c1gua - Bovicer","og_description":"Gest\u00e3o sustent\u00e1vel e eficiente da \u00e1gua. A convers\u00e3o de culturas regadas de Primavera\/Ver\u00e3o para culturas regadas de Outono\/Inverno permitiu uma redu\u00e7\u00e3o de 3,5 vezes do consumo de \u00e1gua, uma vez que esta se destina apenas a compensar per\u00edodos de aus\u00eancia de chuva. O aumento da produtividade da \u00e1gua permitiu aumentar a \u00e1rea de regadio de [&hellip;]","og_url":"https:\/\/bovicer.pt\/en\/regadio\/","og_site_name":"Bovicer","article_modified_time":"2024-03-22T12:01:43+00:00","twitter_card":"summary_large_image","twitter_misc":{"Estimated reading time":"1 minute"},"schema":{"@context":"https:\/\/schema.org","@graph":[{"@type":"WebPage","@id":"https:\/\/bovicer.pt\/regadio\/","url":"https:\/\/bovicer.pt\/regadio\/","name":"\u00c1gua - Bovicer","isPartOf":{"@id":"https:\/\/bovicer.pt\/#website"},"datePublished":"2023-06-01T23:35:19+00:00","dateModified":"2024-03-22T12:01:43+00:00","breadcrumb":{"@id":"https:\/\/bovicer.pt\/regadio\/#breadcrumb"},"inLanguage":"en-GB","potentialAction":[{"@type":"ReadAction","target":["https:\/\/bovicer.pt\/regadio\/"]}]},{"@type":"BreadcrumbList","@id":"https:\/\/bovicer.pt\/regadio\/#breadcrumb","itemListElement":[{"@type":"ListItem","position":1,"name":"In\u00edcio","item":"https:\/\/bovicer.pt\/"},{"@type":"ListItem","position":2,"name":"\u00c1gua"}]},{"@type":"WebSite","@id":"https:\/\/bovicer.pt\/#website","url":"https:\/\/bovicer.pt\/","name":"Bovicer","description":"Bovinos e Cereais","publisher":{"@id":"https:\/\/bovicer.pt\/#organization"},"potentialAction":[{"@type":"SearchAction","target":{"@type":"EntryPoint","urlTemplate":"https:\/\/bovicer.pt\/?s={search_term_string}"},"query-input":{"@type":"PropertyValueSpecification","valueRequired":true,"valueName":"search_term_string"}}],"inLanguage":"en-GB"},{"@type":"Organization","@id":"https:\/\/bovicer.pt\/#organization","name":"Bovicer","url":"https:\/\/bovicer.pt\/","logo":{"@type":"ImageObject","inLanguage":"en-GB","@id":"https:\/\/bovicer.pt\/#\/schema\/logo\/image\/","url":"https:\/\/bovicer.pt\/wp-content\/uploads\/2023\/05\/bovi_footer.svg","contentUrl":"https:\/\/bovicer.pt\/wp-content\/uploads\/2023\/05\/bovi_footer.svg","width":2463,"height":417,"caption":"Bovicer"},"image":{"@id":"https:\/\/bovicer.pt\/#\/schema\/logo\/image\/"}}]}},"_links":{"self":[{"href":"https:\/\/bovicer.pt\/en\/wp-json\/wp\/v2\/pages\/301","targetHints":{"allow":["GET"]}}],"collection":[{"href":"https:\/\/bovicer.pt\/en\/wp-json\/wp\/v2\/pages"}],"about":[{"href":"https:\/\/bovicer.pt\/en\/wp-json\/wp\/v2\/types\/page"}],"author":[{"embeddable":true,"href":"https:\/\/bovicer.pt\/en\/wp-json\/wp\/v2\/users\/1"}],"replies":[{"embeddable":true,"href":"https:\/\/bovicer.pt\/en\/wp-json\/wp\/v2\/comments?post=301"}],"version-history":[{"count":0,"href":"https:\/\/bovicer.pt\/en\/wp-json\/wp\/v2\/pages\/301\/revisions"}],"wp:attachment":[{"href":"https:\/\/bovicer.pt\/en\/wp-json\/wp\/v2\/media?parent=301"}],"curies":[{"name":"wp","href":"https:\/\/api.w.org\/{rel}","templated":true}]}}