{"id":307,"date":"2023-06-01T23:37:41","date_gmt":"2023-06-01T23:37:41","guid":{"rendered":"https:\/\/bovicer.pt\/?page_id=307"},"modified":"2024-03-01T15:28:50","modified_gmt":"2024-03-01T15:28:50","slug":"montado","status":"publish","type":"page","link":"https:\/\/bovicer.pt\/en\/montado\/","title":{"rendered":"Montado"},"content":{"rendered":"<div data-elementor-type=\"wp-page\" data-elementor-id=\"307\" class=\"elementor elementor-307\" data-elementor-post-type=\"page\">\n\t\t\t\t\t\t<section class=\"elementor-section elementor-top-section elementor-element elementor-element-2c211478 elementor-section-full_width elementor-section-height-min-height elementor-section-items-stretch elementor-section-content-middle elementor-section-height-default\" data-id=\"2c211478\" data-element_type=\"section\">\n\t\t\t\t\t\t<div class=\"elementor-container elementor-column-gap-no\">\n\t\t\t\t\t<div class=\"elementor-column elementor-col-50 elementor-top-column elementor-element elementor-element-23ac5e0d\" data-id=\"23ac5e0d\" data-element_type=\"column\" data-settings=\"{&quot;background_background&quot;:&quot;classic&quot;,&quot;background_motion_fx_motion_fx_scrolling&quot;:&quot;yes&quot;,&quot;background_motion_fx_scale_effect&quot;:&quot;yes&quot;,&quot;background_motion_fx_scale_direction&quot;:&quot;out-in&quot;,&quot;background_motion_fx_scale_speed&quot;:{&quot;unit&quot;:&quot;px&quot;,&quot;size&quot;:4,&quot;sizes&quot;:[]},&quot;background_motion_fx_scale_range&quot;:{&quot;unit&quot;:&quot;%&quot;,&quot;size&quot;:&quot;&quot;,&quot;sizes&quot;:{&quot;start&quot;:20,&quot;end&quot;:80}},&quot;background_motion_fx_devices&quot;:[&quot;desktop&quot;,&quot;laptop&quot;,&quot;tablet&quot;,&quot;mobile&quot;]}\">\n\t\t\t<div class=\"elementor-widget-wrap elementor-element-populated\">\n\t\t\t\t\t\t<div class=\"elementor-element elementor-element-4bde1423 elementor-widget elementor-widget-spacer\" data-id=\"4bde1423\" data-element_type=\"widget\" data-widget_type=\"spacer.default\">\n\t\t\t\t<div class=\"elementor-widget-container\">\n\t\t\t\t\t\t\t<div class=\"elementor-spacer\">\n\t\t\t<div class=\"elementor-spacer-inner\"><\/div>\n\t\t<\/div>\n\t\t\t\t\t\t<\/div>\n\t\t\t\t<\/div>\n\t\t\t\t\t<\/div>\n\t\t<\/div>\n\t\t\t\t<div class=\"elementor-column elementor-col-50 elementor-top-column elementor-element elementor-element-2ebbf6b3\" data-id=\"2ebbf6b3\" data-element_type=\"column\">\n\t\t\t<div class=\"elementor-widget-wrap elementor-element-populated\">\n\t\t\t\t\t\t<div class=\"elementor-element elementor-element-13a4ce2c elementor-widget elementor-widget-heading\" data-id=\"13a4ce2c\" data-element_type=\"widget\" data-widget_type=\"heading.default\">\n\t\t\t\t<div class=\"elementor-widget-container\">\n\t\t\t\t\t<h1 class=\"elementor-heading-title elementor-size-default\">Montado<\/h1>\t\t\t\t<\/div>\n\t\t\t\t<\/div>\n\t\t\t\t<div class=\"elementor-element elementor-element-6363965 elementor-widget elementor-widget-text-editor\" data-id=\"6363965\" data-element_type=\"widget\" data-widget_type=\"text-editor.default\">\n\t\t\t\t<div class=\"elementor-widget-container\">\n\t\t\t\t\t\t\t\t\t<p>An agro-silvo-pastoral system with cork and holm oaks, which is a type of soil exploitation characteristic of southern Portugal that combines the forest of cork oaks and holm oaks with agriculture and cattle raising.<\/p><p>What we have done is fundamental for the <i>montado<\/i>. The soil conservation allows to increase the soil organic matter. The undercover of our <i>montado<\/i> is today a heritage of high agronomic and environmental value, through the sequestration of carbon in the soil.<\/p>\t\t\t\t\t\t\t\t<\/div>\n\t\t\t\t<\/div>\n\t\t\t\t\t<\/div>\n\t\t<\/div>\n\t\t\t\t\t<\/div>\n\t\t<\/section>\n\t\t\t\t<section class=\"elementor-section elementor-top-section elementor-element elementor-element-42e81ea2 elementor-section-full_width elementor-section-height-default elementor-section-height-default\" data-id=\"42e81ea2\" data-element_type=\"section\">\n\t\t\t\t\t\t<div class=\"elementor-container elementor-column-gap-no\">\n\t\t\t\t\t<div class=\"elementor-column elementor-col-100 elementor-top-column elementor-element elementor-element-8044e43\" data-id=\"8044e43\" data-element_type=\"column\">\n\t\t\t<div class=\"elementor-widget-wrap elementor-element-populated\">\n\t\t\t\t\t\t<div class=\"elementor-element elementor-element-474216d4 elementor-cta--layout-image-right elementor-cta--valign-middle elementor-cta--mobile-layout-image-above elementor-cta--skin-classic elementor-animated-content elementor-bg-transform elementor-bg-transform-zoom-in elementor-widget elementor-widget-call-to-action\" data-id=\"474216d4\" data-element_type=\"widget\" id=\"service_1\" data-widget_type=\"call-to-action.default\">\n\t\t\t\t<div class=\"elementor-widget-container\">\n\t\t\t\t\t\t\t<div class=\"elementor-cta\">\n\t\t\t\t\t<div class=\"elementor-cta__bg-wrapper\">\n\t\t\t\t<div class=\"elementor-cta__bg elementor-bg\" style=\"background-image: url(https:\/\/bovicer.pt\/wp-content\/uploads\/2024\/02\/14.jpg);\" role=\"img\" aria-label=\"14\"><\/div>\n\t\t\t\t<div class=\"elementor-cta__bg-overlay\"><\/div>\n\t\t\t<\/div>\n\t\t\t\t\t\t\t<div class=\"elementor-cta__content\">\n\t\t\t\t\n\t\t\t\t\t\t\t\t\t<h4 class=\"elementor-cta__title elementor-cta__content-item elementor-content-item\">\n\t\t\t\t\t\tPastures\t\t\t\t\t<\/h4>\n\t\t\t\t\n\t\t\t\t\t\t\t\t\t<div class=\"elementor-cta__description elementor-cta__content-item elementor-content-item\">\n\t\t\t\t\t\tRuminant feed base.\t\t\t\t\t<\/div>\n\t\t\t\t\n\t\t\t\t\t\t\t<\/div>\n\t\t\t\t\t\t<\/div>\n\t\t\t\t\t\t<\/div>\n\t\t\t\t<\/div>\n\t\t\t\t<div class=\"elementor-element elementor-element-c162d92 elementor-cta--layout-image-left elementor-cta--valign-middle elementor-cta--mobile-layout-image-above elementor-cta--skin-classic elementor-animated-content elementor-bg-transform elementor-bg-transform-zoom-in elementor-widget elementor-widget-call-to-action\" data-id=\"c162d92\" data-element_type=\"widget\" data-widget_type=\"call-to-action.default\">\n\t\t\t\t<div class=\"elementor-widget-container\">\n\t\t\t\t\t\t\t<div class=\"elementor-cta\">\n\t\t\t\t\t<div class=\"elementor-cta__bg-wrapper\">\n\t\t\t\t<div class=\"elementor-cta__bg elementor-bg\" style=\"background-image: url(https:\/\/bovicer.pt\/wp-content\/uploads\/2024\/02\/15.jpg);\" role=\"img\" aria-label=\"15\"><\/div>\n\t\t\t\t<div class=\"elementor-cta__bg-overlay\"><\/div>\n\t\t\t<\/div>\n\t\t\t\t\t\t\t<div class=\"elementor-cta__content\">\n\t\t\t\t\n\t\t\t\t\t\t\t\t\t<h4 class=\"elementor-cta__title elementor-cta__content-item elementor-content-item\">\n\t\t\t\t\t\tForest Products\t\t\t\t\t<\/h4>\n\t\t\t\t\n\t\t\t\t\t\t\t\t\t<div class=\"elementor-cta__description elementor-cta__content-item elementor-content-item\">\n\t\t\t\t\t\tCork, acorn and firewood.\t\t\t\t\t<\/div>\n\t\t\t\t\n\t\t\t\t\t\t\t<\/div>\n\t\t\t\t\t\t<\/div>\n\t\t\t\t\t\t<\/div>\n\t\t\t\t<\/div>\n\t\t\t\t\t<\/div>\n\t\t<\/div>\n\t\t\t\t\t<\/div>\n\t\t<\/section>\n\t\t\t\t<\/div>","protected":false},"excerpt":{"rendered":"<p>O montado \u00e9 um tipo de explora\u00e7\u00e3o do solo caracter\u00edstico do Sul de Portugal que combina a floresta de sobreiros e azinheiras com agricultura e a cria\u00e7\u00e3o de gado. O que temos feito de fundamental para o montado \u00e9 a preserva\u00e7\u00e3o do solo e, concretamente, o aumento da mat\u00e9ria org\u00e2nica do solo. O sob-coberto do [&hellip;]<\/p>","protected":false},"author":1,"featured_media":0,"parent":0,"menu_order":0,"comment_status":"closed","ping_status":"closed","template":"elementor_header_footer","meta":{"inline_featured_image":false,"footnotes":""},"class_list":["post-307","page","type-page","status-publish","hentry"],"yoast_head":"<!-- This site is optimized with the Yoast SEO plugin v25.5 - https:\/\/yoast.com\/wordpress\/plugins\/seo\/ -->\n<title>Montado - Bovicer<\/title>\n<meta name=\"robots\" content=\"index, follow, max-snippet:-1, max-image-preview:large, max-video-preview:-1\" \/>\n<link rel=\"canonical\" href=\"https:\/\/bovicer.pt\/en\/montado\/\" \/>\n<meta property=\"og:locale\" content=\"en_GB\" \/>\n<meta property=\"og:type\" content=\"article\" \/>\n<meta property=\"og:title\" content=\"Montado - Bovicer\" \/>\n<meta property=\"og:description\" content=\"O montado \u00e9 um tipo de explora\u00e7\u00e3o do solo caracter\u00edstico do Sul de Portugal que combina a floresta de sobreiros e azinheiras com agricultura e a cria\u00e7\u00e3o de gado. O que temos feito de fundamental para o montado \u00e9 a preserva\u00e7\u00e3o do solo e, concretamente, o aumento da mat\u00e9ria org\u00e2nica do solo. O sob-coberto do [&hellip;]\" \/>\n<meta property=\"og:url\" content=\"https:\/\/bovicer.pt\/en\/montado\/\" \/>\n<meta property=\"og:site_name\" content=\"Bovicer\" \/>\n<meta property=\"article:modified_time\" content=\"2024-03-01T15:28:50+00:00\" \/>\n<meta name=\"twitter:card\" content=\"summary_large_image\" \/>\n<meta name=\"twitter:label1\" content=\"Estimated reading time\" \/>\n\t<meta name=\"twitter:data1\" content=\"1 minute\" \/>\n<script type=\"application\/ld+json\" class=\"yoast-schema-graph\">{\"@context\":\"https:\/\/schema.org\",\"@graph\":[{\"@type\":\"WebPage\",\"@id\":\"https:\/\/bovicer.pt\/montado\/\",\"url\":\"https:\/\/bovicer.pt\/montado\/\",\"name\":\"Montado - Bovicer\",\"isPartOf\":{\"@id\":\"https:\/\/bovicer.pt\/#website\"},\"datePublished\":\"2023-06-01T23:37:41+00:00\",\"dateModified\":\"2024-03-01T15:28:50+00:00\",\"breadcrumb\":{\"@id\":\"https:\/\/bovicer.pt\/montado\/#breadcrumb\"},\"inLanguage\":\"en-GB\",\"potentialAction\":[{\"@type\":\"ReadAction\",\"target\":[\"https:\/\/bovicer.pt\/montado\/\"]}]},{\"@type\":\"BreadcrumbList\",\"@id\":\"https:\/\/bovicer.pt\/montado\/#breadcrumb\",\"itemListElement\":[{\"@type\":\"ListItem\",\"position\":1,\"name\":\"In\u00edcio\",\"item\":\"https:\/\/bovicer.pt\/\"},{\"@type\":\"ListItem\",\"position\":2,\"name\":\"Montado\"}]},{\"@type\":\"WebSite\",\"@id\":\"https:\/\/bovicer.pt\/#website\",\"url\":\"https:\/\/bovicer.pt\/\",\"name\":\"Bovicer\",\"description\":\"Bovinos e Cereais\",\"publisher\":{\"@id\":\"https:\/\/bovicer.pt\/#organization\"},\"potentialAction\":[{\"@type\":\"SearchAction\",\"target\":{\"@type\":\"EntryPoint\",\"urlTemplate\":\"https:\/\/bovicer.pt\/?s={search_term_string}\"},\"query-input\":{\"@type\":\"PropertyValueSpecification\",\"valueRequired\":true,\"valueName\":\"search_term_string\"}}],\"inLanguage\":\"en-GB\"},{\"@type\":\"Organization\",\"@id\":\"https:\/\/bovicer.pt\/#organization\",\"name\":\"Bovicer\",\"url\":\"https:\/\/bovicer.pt\/\",\"logo\":{\"@type\":\"ImageObject\",\"inLanguage\":\"en-GB\",\"@id\":\"https:\/\/bovicer.pt\/#\/schema\/logo\/image\/\",\"url\":\"https:\/\/bovicer.pt\/wp-content\/uploads\/2023\/05\/bovi_footer.svg\",\"contentUrl\":\"https:\/\/bovicer.pt\/wp-content\/uploads\/2023\/05\/bovi_footer.svg\",\"width\":2463,\"height\":417,\"caption\":\"Bovicer\"},\"image\":{\"@id\":\"https:\/\/bovicer.pt\/#\/schema\/logo\/image\/\"}}]}<\/script>\n<!-- \/ Yoast SEO plugin. -->","yoast_head_json":{"title":"Montado - Bovicer","robots":{"index":"index","follow":"follow","max-snippet":"max-snippet:-1","max-image-preview":"max-image-preview:large","max-video-preview":"max-video-preview:-1"},"canonical":"https:\/\/bovicer.pt\/en\/montado\/","og_locale":"en_GB","og_type":"article","og_title":"Montado - Bovicer","og_description":"O montado \u00e9 um tipo de explora\u00e7\u00e3o do solo caracter\u00edstico do Sul de Portugal que combina a floresta de sobreiros e azinheiras com agricultura e a cria\u00e7\u00e3o de gado. O que temos feito de fundamental para o montado \u00e9 a preserva\u00e7\u00e3o do solo e, concretamente, o aumento da mat\u00e9ria org\u00e2nica do solo. O sob-coberto do [&hellip;]","og_url":"https:\/\/bovicer.pt\/en\/montado\/","og_site_name":"Bovicer","article_modified_time":"2024-03-01T15:28:50+00:00","twitter_card":"summary_large_image","twitter_misc":{"Estimated reading time":"1 minute"},"schema":{"@context":"https:\/\/schema.org","@graph":[{"@type":"WebPage","@id":"https:\/\/bovicer.pt\/montado\/","url":"https:\/\/bovicer.pt\/montado\/","name":"Montado - Bovicer","isPartOf":{"@id":"https:\/\/bovicer.pt\/#website"},"datePublished":"2023-06-01T23:37:41+00:00","dateModified":"2024-03-01T15:28:50+00:00","breadcrumb":{"@id":"https:\/\/bovicer.pt\/montado\/#breadcrumb"},"inLanguage":"en-GB","potentialAction":[{"@type":"ReadAction","target":["https:\/\/bovicer.pt\/montado\/"]}]},{"@type":"BreadcrumbList","@id":"https:\/\/bovicer.pt\/montado\/#breadcrumb","itemListElement":[{"@type":"ListItem","position":1,"name":"In\u00edcio","item":"https:\/\/bovicer.pt\/"},{"@type":"ListItem","position":2,"name":"Montado"}]},{"@type":"WebSite","@id":"https:\/\/bovicer.pt\/#website","url":"https:\/\/bovicer.pt\/","name":"Bovicer","description":"Bovinos e Cereais","publisher":{"@id":"https:\/\/bovicer.pt\/#organization"},"potentialAction":[{"@type":"SearchAction","target":{"@type":"EntryPoint","urlTemplate":"https:\/\/bovicer.pt\/?s={search_term_string}"},"query-input":{"@type":"PropertyValueSpecification","valueRequired":true,"valueName":"search_term_string"}}],"inLanguage":"en-GB"},{"@type":"Organization","@id":"https:\/\/bovicer.pt\/#organization","name":"Bovicer","url":"https:\/\/bovicer.pt\/","logo":{"@type":"ImageObject","inLanguage":"en-GB","@id":"https:\/\/bovicer.pt\/#\/schema\/logo\/image\/","url":"https:\/\/bovicer.pt\/wp-content\/uploads\/2023\/05\/bovi_footer.svg","contentUrl":"https:\/\/bovicer.pt\/wp-content\/uploads\/2023\/05\/bovi_footer.svg","width":2463,"height":417,"caption":"Bovicer"},"image":{"@id":"https:\/\/bovicer.pt\/#\/schema\/logo\/image\/"}}]}},"_links":{"self":[{"href":"https:\/\/bovicer.pt\/en\/wp-json\/wp\/v2\/pages\/307","targetHints":{"allow":["GET"]}}],"collection":[{"href":"https:\/\/bovicer.pt\/en\/wp-json\/wp\/v2\/pages"}],"about":[{"href":"https:\/\/bovicer.pt\/en\/wp-json\/wp\/v2\/types\/page"}],"author":[{"embeddable":true,"href":"https:\/\/bovicer.pt\/en\/wp-json\/wp\/v2\/users\/1"}],"replies":[{"embeddable":true,"href":"https:\/\/bovicer.pt\/en\/wp-json\/wp\/v2\/comments?post=307"}],"version-history":[{"count":0,"href":"https:\/\/bovicer.pt\/en\/wp-json\/wp\/v2\/pages\/307\/revisions"}],"wp:attachment":[{"href":"https:\/\/bovicer.pt\/en\/wp-json\/wp\/v2\/media?parent=307"}],"curies":[{"name":"wp","href":"https:\/\/api.w.org\/{rel}","templated":true}]}}