{"id":41,"date":"2023-05-02T22:54:36","date_gmt":"2023-05-02T22:54:36","guid":{"rendered":"https:\/\/bovicer.pt\/home\/"},"modified":"2025-07-03T11:14:42","modified_gmt":"2025-07-03T11:14:42","slug":"home","status":"publish","type":"page","link":"https:\/\/bovicer.pt\/en\/","title":{"rendered":"Home"},"content":{"rendered":"<div data-elementor-type=\"wp-page\" data-elementor-id=\"41\" class=\"elementor elementor-41\" data-elementor-post-type=\"page\">\n\t\t\t\t\t\t<section class=\"elementor-section elementor-top-section elementor-element elementor-element-623909b7 elementor-section-height-min-height elementor-section-items-stretch elementor-section-content-middle elementor-section-boxed elementor-section-height-default\" data-id=\"623909b7\" data-element_type=\"section\" data-settings=\"{&quot;background_background&quot;:&quot;classic&quot;,&quot;background_motion_fx_motion_fx_scrolling&quot;:&quot;yes&quot;,&quot;background_motion_fx_scale_effect&quot;:&quot;yes&quot;,&quot;background_motion_fx_scale_speed&quot;:{&quot;unit&quot;:&quot;px&quot;,&quot;size&quot;:8,&quot;sizes&quot;:[]},&quot;background_motion_fx_scale_range&quot;:{&quot;unit&quot;:&quot;%&quot;,&quot;size&quot;:&quot;&quot;,&quot;sizes&quot;:{&quot;start&quot;:0,&quot;end&quot;:49}},&quot;background_motion_fx_scale_direction&quot;:&quot;out-in&quot;,&quot;background_motion_fx_devices&quot;:[&quot;desktop&quot;,&quot;laptop&quot;,&quot;tablet&quot;,&quot;mobile&quot;]}\">\n\t\t\t\t\t\t\t<div class=\"elementor-background-overlay\"><\/div>\n\t\t\t\t\t\t\t<div class=\"elementor-container elementor-column-gap-no\">\n\t\t\t\t\t<div class=\"elementor-column elementor-col-100 elementor-top-column elementor-element elementor-element-55ae3522\" data-id=\"55ae3522\" data-element_type=\"column\">\n\t\t\t<div class=\"elementor-widget-wrap elementor-element-populated\">\n\t\t\t\t\t\t<div class=\"elementor-element elementor-element-78533131 elementor-widget elementor-widget-heading\" data-id=\"78533131\" data-element_type=\"widget\" data-widget_type=\"heading.default\">\n\t\t\t\t<div class=\"elementor-widget-container\">\n\t\t\t\t\t<h6 class=\"elementor-heading-title elementor-size-default\">More than 50 years<\/h6>\t\t\t\t<\/div>\n\t\t\t\t<\/div>\n\t\t\t\t<div class=\"elementor-element elementor-element-78250cf1 elementor-widget elementor-widget-heading\" data-id=\"78250cf1\" data-element_type=\"widget\" data-widget_type=\"heading.default\">\n\t\t\t\t<div class=\"elementor-widget-container\">\n\t\t\t\t\t<h1 class=\"elementor-heading-title elementor-size-default\">Economic and environmental sustainability<\/h1>\t\t\t\t<\/div>\n\t\t\t\t<\/div>\n\t\t\t\t<div class=\"elementor-element elementor-element-20e0b882 elementor-widget elementor-widget-heading\" data-id=\"20e0b882\" data-element_type=\"widget\" data-widget_type=\"heading.default\">\n\t\t\t\t<div class=\"elementor-widget-container\">\n\t\t\t\t\t<h5 class=\"elementor-heading-title elementor-size-default\">Sharing what we have done in the past, what we do in the present and what we will do in the future is our obligation, for those who have gone before us and for those who will come in the future<\/h5>\t\t\t\t<\/div>\n\t\t\t\t<\/div>\n\t\t\t\t<div class=\"elementor-element elementor-element-7116dc96 elementor-align-center elementor-widget elementor-widget-button\" data-id=\"7116dc96\" data-element_type=\"widget\" data-widget_type=\"button.default\">\n\t\t\t\t<div class=\"elementor-widget-container\">\n\t\t\t\t\t\t\t\t\t<div class=\"elementor-button-wrapper\">\n\t\t\t\t\t<a class=\"elementor-button elementor-button-link elementor-size-sm\" href=\"https:\/\/bovicer.pt\/en\/o-que-nos-move\/\">\n\t\t\t\t\t\t<span class=\"elementor-button-content-wrapper\">\n\t\t\t\t\t\t\t\t\t<span class=\"elementor-button-text\">What Drives Us<\/span>\n\t\t\t\t\t<\/span>\n\t\t\t\t\t<\/a>\n\t\t\t\t<\/div>\n\t\t\t\t\t\t\t\t<\/div>\n\t\t\t\t<\/div>\n\t\t\t\t\t<\/div>\n\t\t<\/div>\n\t\t\t\t\t<\/div>\n\t\t<\/section>\n\t\t\t\t<section class=\"elementor-section elementor-top-section elementor-element elementor-element-11f1ccf5 elementor-section-full_width elementor-section-content-middle elementor-section-height-default elementor-section-height-default\" data-id=\"11f1ccf5\" data-element_type=\"section\" data-settings=\"{&quot;background_background&quot;:&quot;classic&quot;}\">\n\t\t\t\t\t\t<div class=\"elementor-container elementor-column-gap-no\">\n\t\t\t\t\t<div class=\"elementor-column elementor-col-100 elementor-top-column elementor-element elementor-element-5298370e\" data-id=\"5298370e\" data-element_type=\"column\">\n\t\t\t<div class=\"elementor-widget-wrap elementor-element-populated\">\n\t\t\t\t\t\t<div class=\"elementor-element elementor-element-098b9ef elementor-widget elementor-widget-video\" data-id=\"098b9ef\" data-element_type=\"widget\" data-settings=\"{&quot;video_type&quot;:&quot;vimeo&quot;}\" data-widget_type=\"video.default\">\n\t\t\t\t<div class=\"elementor-widget-container\">\n\t\t\t\t\t\t\t<div class=\"elementor-wrapper elementor-open-inline\">\n\t\t\t<iframe class=\"elementor-video-iframe\" allowfullscreen allow=\"clipboard-write\" title=\"vimeo Video Player\" src=\"https:\/\/player.vimeo.com\/video\/681887905?color&amp;autopause=0&amp;loop=0&amp;muted=0&amp;title=1&amp;portrait=1&amp;byline=1#t=\"><\/iframe>\t\t<\/div>\n\t\t\t\t\t\t<\/div>\n\t\t\t\t<\/div>\n\t\t\t\t<div class=\"elementor-element elementor-element-4c1c8ab3 elementor-widget elementor-widget-heading\" data-id=\"4c1c8ab3\" data-element_type=\"widget\" data-widget_type=\"heading.default\">\n\t\t\t\t<div class=\"elementor-widget-container\">\n\t\t\t\t\t<h2 class=\"elementor-heading-title elementor-size-default\">Herdade da Parreira 1972 - 2022 - 50 years building economic and environmental sustainability<\/h2>\t\t\t\t<\/div>\n\t\t\t\t<\/div>\n\t\t\t\t\t<\/div>\n\t\t<\/div>\n\t\t\t\t\t<\/div>\n\t\t<\/section>\n\t\t\t\t<section class=\"elementor-section elementor-top-section elementor-element elementor-element-28a2060 elementor-section-full_width elementor-section-content-middle elementor-section-height-default elementor-section-height-default\" data-id=\"28a2060\" data-element_type=\"section\" data-settings=\"{&quot;background_background&quot;:&quot;classic&quot;}\">\n\t\t\t\t\t\t<div class=\"elementor-container elementor-column-gap-no\">\n\t\t\t\t\t<div class=\"elementor-column elementor-col-50 elementor-top-column elementor-element elementor-element-ccf87fc\" data-id=\"ccf87fc\" data-element_type=\"column\">\n\t\t\t<div class=\"elementor-widget-wrap elementor-element-populated\">\n\t\t\t\t\t\t<div class=\"elementor-element elementor-element-aba59d4 elementor-widget elementor-widget-image\" data-id=\"aba59d4\" data-element_type=\"widget\" data-widget_type=\"image.default\">\n\t\t\t\t<div class=\"elementor-widget-container\">\n\t\t\t\t\t\t\t\t\t\t\t\t\t\t\t\t<a href=\"https:\/\/www.rtp.pt\/play\/p12458\/e765112\/hora-de-agir\" target=\"_blank\">\n\t\t\t\t\t\t\t<img fetchpriority=\"high\" decoding=\"async\" width=\"800\" height=\"450\" src=\"https:\/\/bovicer.pt\/wp-content\/uploads\/2024\/04\/horadeagir1-1024x576.jpg\" class=\"attachment-large size-large wp-image-2132\" alt=\"\" srcset=\"https:\/\/bovicer.pt\/wp-content\/uploads\/2024\/04\/horadeagir1-1024x576.jpg 1024w, https:\/\/bovicer.pt\/wp-content\/uploads\/2024\/04\/horadeagir1-300x169.jpg 300w, https:\/\/bovicer.pt\/wp-content\/uploads\/2024\/04\/horadeagir1-768x432.jpg 768w, https:\/\/bovicer.pt\/wp-content\/uploads\/2024\/04\/horadeagir1-1536x864.jpg 1536w, https:\/\/bovicer.pt\/wp-content\/uploads\/2024\/04\/horadeagir1.jpg 1920w\" sizes=\"(max-width: 800px) 100vw, 800px\" \/>\t\t\t\t\t\t\t\t<\/a>\n\t\t\t\t\t\t\t\t\t\t\t\t\t\t\t<\/div>\n\t\t\t\t<\/div>\n\t\t\t\t<div class=\"elementor-element elementor-element-710aeca elementor-widget elementor-widget-heading\" data-id=\"710aeca\" data-element_type=\"widget\" data-widget_type=\"heading.default\">\n\t\t\t\t<div class=\"elementor-widget-container\">\n\t\t\t\t\t<h2 class=\"elementor-heading-title elementor-size-default\">RTP1 \"Hora de Agir\" Program - Conservation Agriculture<\/h2>\t\t\t\t<\/div>\n\t\t\t\t<\/div>\n\t\t\t\t\t<\/div>\n\t\t<\/div>\n\t\t\t\t<div class=\"elementor-column elementor-col-50 elementor-top-column elementor-element elementor-element-c01be39\" data-id=\"c01be39\" data-element_type=\"column\">\n\t\t\t<div class=\"elementor-widget-wrap elementor-element-populated\">\n\t\t\t\t\t\t<div class=\"elementor-element elementor-element-d665e91 elementor-widget elementor-widget-video\" data-id=\"d665e91\" data-element_type=\"widget\" data-settings=\"{&quot;youtube_url&quot;:&quot;https:\\\/\\\/youtu.be\\\/bgdLX7SBXpw?si=8KcM2Z6luEm3439H&amp;t=291&quot;,&quot;start&quot;:0,&quot;video_type&quot;:&quot;youtube&quot;,&quot;controls&quot;:&quot;yes&quot;}\" data-widget_type=\"video.default\">\n\t\t\t\t<div class=\"elementor-widget-container\">\n\t\t\t\t\t\t\t<div class=\"elementor-wrapper elementor-open-inline\">\n\t\t\t<div class=\"elementor-video\"><\/div>\t\t<\/div>\n\t\t\t\t\t\t<\/div>\n\t\t\t\t<\/div>\n\t\t\t\t<div class=\"elementor-element elementor-element-35e97ac elementor-widget elementor-widget-heading\" data-id=\"35e97ac\" data-element_type=\"widget\" data-widget_type=\"heading.default\">\n\t\t\t\t<div class=\"elementor-widget-container\">\n\t\t\t\t\t<h2 class=\"elementor-heading-title elementor-size-default\">Documentary \"Climate Change: A Possible Future\"<\/h2>\t\t\t\t<\/div>\n\t\t\t\t<\/div>\n\t\t\t\t\t<\/div>\n\t\t<\/div>\n\t\t\t\t\t<\/div>\n\t\t<\/section>\n\t\t\t\t<section class=\"elementor-section elementor-top-section elementor-element elementor-element-149bbb93 elementor-section-full_width elementor-section-content-middle elementor-reverse-tablet elementor-reverse-mobile elementor-section-height-default elementor-section-height-default\" data-id=\"149bbb93\" data-element_type=\"section\">\n\t\t\t\t\t\t<div class=\"elementor-container elementor-column-gap-no\">\n\t\t\t\t\t<div class=\"elementor-column elementor-col-50 elementor-top-column elementor-element elementor-element-527b2bb5\" data-id=\"527b2bb5\" data-element_type=\"column\">\n\t\t\t<div class=\"elementor-widget-wrap elementor-element-populated\">\n\t\t\t\t\t\t<div class=\"elementor-element elementor-element-1c313020 elementor-pagination-position-inside elementor-widget elementor-widget-image-carousel\" data-id=\"1c313020\" data-element_type=\"widget\" data-settings=\"{&quot;slides_to_show&quot;:&quot;1&quot;,&quot;navigation&quot;:&quot;dots&quot;,&quot;autoplay&quot;:&quot;yes&quot;,&quot;pause_on_hover&quot;:&quot;yes&quot;,&quot;pause_on_interaction&quot;:&quot;yes&quot;,&quot;autoplay_speed&quot;:5000,&quot;infinite&quot;:&quot;yes&quot;,&quot;effect&quot;:&quot;slide&quot;,&quot;speed&quot;:500}\" data-widget_type=\"image-carousel.default\">\n\t\t\t\t<div class=\"elementor-widget-container\">\n\t\t\t\t\t\t\t<div class=\"elementor-image-carousel-wrapper swiper\" role=\"region\" aria-roledescription=\"carousel\" aria-label=\"Carrossel de imagens\" dir=\"ltr\">\n\t\t\t<div class=\"elementor-image-carousel swiper-wrapper\" aria-live=\"off\">\n\t\t\t\t\t\t\t\t<div class=\"swiper-slide\" role=\"group\" aria-roledescription=\"slide\" aria-label=\"1 of 2\"><figure class=\"swiper-slide-inner\"><img decoding=\"async\" class=\"swiper-slide-image\" src=\"https:\/\/bovicer.pt\/wp-content\/uploads\/2023\/11\/premio_bovicer_novo-1024x762.jpg\" alt=\"premio_bovicer_novo\" \/><\/figure><\/div><div class=\"swiper-slide\" role=\"group\" aria-roledescription=\"slide\" aria-label=\"2 of 2\"><figure class=\"swiper-slide-inner\"><img decoding=\"async\" class=\"swiper-slide-image\" src=\"https:\/\/bovicer.pt\/wp-content\/uploads\/2023\/11\/logo.jpg\" alt=\"logo\" \/><\/figure><\/div>\t\t\t<\/div>\n\t\t\t\t\t\t\t\n\t\t\t\t\t\t\t\t\t<div class=\"swiper-pagination\"><\/div>\n\t\t\t\t\t\t\t\t\t<\/div>\n\t\t\t\t\t\t<\/div>\n\t\t\t\t<\/div>\n\t\t\t\t\t<\/div>\n\t\t<\/div>\n\t\t\t\t<div class=\"elementor-column elementor-col-50 elementor-top-column elementor-element elementor-element-54af3e15\" data-id=\"54af3e15\" data-element_type=\"column\">\n\t\t\t<div class=\"elementor-widget-wrap elementor-element-populated\">\n\t\t\t\t\t\t<div class=\"elementor-element elementor-element-7e737a31 elementor-widget elementor-widget-heading\" data-id=\"7e737a31\" data-element_type=\"widget\" data-widget_type=\"heading.default\">\n\t\t\t\t<div class=\"elementor-widget-container\">\n\t\t\t\t\t<h2 class=\"elementor-heading-title elementor-size-default\">Soil Award\n<\/h2>\t\t\t\t<\/div>\n\t\t\t\t<\/div>\n\t\t\t\t<div class=\"elementor-element elementor-element-70c5e56d elementor-widget elementor-widget-text-editor\" data-id=\"70c5e56d\" data-element_type=\"widget\" data-widget_type=\"text-editor.default\">\n\t\t\t\t<div class=\"elementor-widget-container\">\n\t\t\t\t\t\t\t\t\t<p>Herdade da Parreira was distinguished in 2015-2016 with the Soil Award \u2013 The Land and Soil Management Award. <em>Soil Award &#8211; The Land and Soil Management Award<\/em>.<\/p><p>The award rewards soil management and practices that enhance soil conservation.<\/p><p>The award highlights the methods used and the results obtained in soil conservation, carbon sequestration, reduction of CO2 emissions, farm economics and territorial development.<\/p>\t\t\t\t\t\t\t\t<\/div>\n\t\t\t\t<\/div>\n\t\t\t\t\t<\/div>\n\t\t<\/div>\n\t\t\t\t\t<\/div>\n\t\t<\/section>\n\t\t\t\t<section class=\"elementor-section elementor-top-section elementor-element elementor-element-27d0d5b9 elementor-section-full_width elementor-section-content-middle elementor-reverse-tablet elementor-reverse-mobile elementor-section-height-default elementor-section-height-default\" data-id=\"27d0d5b9\" data-element_type=\"section\">\n\t\t\t\t\t\t<div class=\"elementor-container elementor-column-gap-no\">\n\t\t\t\t\t<div class=\"elementor-column elementor-col-50 elementor-top-column elementor-element elementor-element-5e6925b9\" data-id=\"5e6925b9\" data-element_type=\"column\">\n\t\t\t<div class=\"elementor-widget-wrap elementor-element-populated\">\n\t\t\t\t\t\t<div class=\"elementor-element elementor-element-d057951 elementor-widget elementor-widget-image\" data-id=\"d057951\" data-element_type=\"widget\" data-widget_type=\"image.default\">\n\t\t\t\t<div class=\"elementor-widget-container\">\n\t\t\t\t\t\t\t\t\t\t\t\t\t\t\t<img decoding=\"async\" width=\"800\" height=\"800\" src=\"https:\/\/bovicer.pt\/wp-content\/uploads\/2023\/10\/HP-Ferro.svg\" class=\"attachment-large size-large wp-image-696\" alt=\"\" \/>\t\t\t\t\t\t\t\t\t\t\t\t\t\t\t<\/div>\n\t\t\t\t<\/div>\n\t\t\t\t<div class=\"elementor-element elementor-element-5b28b443 elementor-widget elementor-widget-heading\" data-id=\"5b28b443\" data-element_type=\"widget\" data-widget_type=\"heading.default\">\n\t\t\t\t<div class=\"elementor-widget-container\">\n\t\t\t\t\t<h2 class=\"elementor-heading-title elementor-size-default\">Herdade da Parreira<\/h2>\t\t\t\t<\/div>\n\t\t\t\t<\/div>\n\t\t\t\t<div class=\"elementor-element elementor-element-5f4130da elementor-widget elementor-widget-text-editor\" data-id=\"5f4130da\" data-element_type=\"widget\" data-widget_type=\"text-editor.default\">\n\t\t\t\t<div class=\"elementor-widget-container\">\n\t\t\t\t\t\t\t\t\t<p>In a Mediterranean climate, with an undulating relief of medium and steep slopes, the Herdade lives in the Alentejo montado, parish of Ciborro, Montemor-o-Novo. We are a family business, with a high quality agricultural and livestock activity. We are dedicated to conserving and improving soil. We invest, and we focus on bringing benefits to agriculture and society. We do it with all those who work and have worked, directly and indirectly, and contribute positively to being here.<\/p><p>This is our legacy and we want to share it.<\/p>\t\t\t\t\t\t\t\t<\/div>\n\t\t\t\t<\/div>\n\t\t\t\t\t<\/div>\n\t\t<\/div>\n\t\t\t\t<div class=\"elementor-column elementor-col-50 elementor-top-column elementor-element elementor-element-6a11ca42\" data-id=\"6a11ca42\" data-element_type=\"column\">\n\t\t\t<div class=\"elementor-widget-wrap elementor-element-populated\">\n\t\t\t\t\t\t<div class=\"elementor-element elementor-element-32be4f00 elementor-widget elementor-widget-image\" data-id=\"32be4f00\" data-element_type=\"widget\" data-widget_type=\"image.default\">\n\t\t\t\t<div class=\"elementor-widget-container\">\n\t\t\t\t\t\t\t\t\t\t\t\t\t\t\t<img decoding=\"async\" width=\"2560\" height=\"1920\" src=\"https:\/\/bovicer.pt\/wp-content\/uploads\/2024\/02\/1.jpg\" class=\"attachment-full size-full wp-image-1268\" alt=\"\" srcset=\"https:\/\/bovicer.pt\/wp-content\/uploads\/2024\/02\/1.jpg 2560w, https:\/\/bovicer.pt\/wp-content\/uploads\/2024\/02\/1-300x225.jpg 300w, https:\/\/bovicer.pt\/wp-content\/uploads\/2024\/02\/1-1024x768.jpg 1024w, https:\/\/bovicer.pt\/wp-content\/uploads\/2024\/02\/1-768x576.jpg 768w, https:\/\/bovicer.pt\/wp-content\/uploads\/2024\/02\/1-1536x1152.jpg 1536w, https:\/\/bovicer.pt\/wp-content\/uploads\/2024\/02\/1-2048x1536.jpg 2048w\" sizes=\"(max-width: 2560px) 100vw, 2560px\" \/>\t\t\t\t\t\t\t\t\t\t\t\t\t\t\t<\/div>\n\t\t\t\t<\/div>\n\t\t\t\t\t<\/div>\n\t\t<\/div>\n\t\t\t\t\t<\/div>\n\t\t<\/section>\n\t\t\t\t<\/div>","protected":false},"excerpt":{"rendered":"<p>mais de 50 anos Sustentabilidade econ\u00f3mica e ambiental Partilhar o que fizemos no passado, o que fazemos no presente e o que faremos no futuro \u00e9 nossa obriga\u00e7\u00e3o, para os que estiveram antes de n\u00f3s e para os que vir\u00e3o no futuro O que nos move Herdade da Parreira 1972 &#8211; 2022 &#8211; 50 anos [&hellip;]<\/p>","protected":false},"author":1,"featured_media":0,"parent":0,"menu_order":0,"comment_status":"closed","ping_status":"closed","template":"elementor_header_footer","meta":{"inline_featured_image":false,"footnotes":""},"class_list":["post-41","page","type-page","status-publish","hentry"],"yoast_head":"<!-- This site is optimized with the Yoast SEO plugin v25.5 - https:\/\/yoast.com\/wordpress\/plugins\/seo\/ -->\n<title>Home - Bovicer<\/title>\n<meta name=\"robots\" content=\"index, follow, max-snippet:-1, max-image-preview:large, max-video-preview:-1\" \/>\n<link rel=\"canonical\" href=\"https:\/\/bovicer.pt\/en\/\" \/>\n<meta property=\"og:locale\" content=\"en_GB\" \/>\n<meta property=\"og:type\" content=\"article\" \/>\n<meta property=\"og:title\" content=\"Home - Bovicer\" \/>\n<meta property=\"og:description\" content=\"mais de 50 anos Sustentabilidade econ\u00f3mica e ambiental Partilhar o que fizemos no passado, o que fazemos no presente e o que faremos no futuro \u00e9 nossa obriga\u00e7\u00e3o, para os que estiveram antes de n\u00f3s e para os que vir\u00e3o no futuro O que nos move Herdade da Parreira 1972 &#8211; 2022 &#8211; 50 anos [&hellip;]\" \/>\n<meta property=\"og:url\" content=\"https:\/\/bovicer.pt\/en\/\" \/>\n<meta property=\"og:site_name\" content=\"Bovicer\" \/>\n<meta property=\"article:modified_time\" content=\"2025-07-03T11:14:42+00:00\" \/>\n<meta property=\"og:image\" content=\"https:\/\/bovicer.pt\/wp-content\/uploads\/2024\/04\/horadeagir1.jpg\" \/>\n\t<meta property=\"og:image:width\" content=\"1920\" \/>\n\t<meta property=\"og:image:height\" content=\"1080\" \/>\n\t<meta property=\"og:image:type\" content=\"image\/jpeg\" \/>\n<meta name=\"twitter:card\" content=\"summary_large_image\" \/>\n<meta name=\"twitter:label1\" content=\"Estimated reading time\" \/>\n\t<meta name=\"twitter:data1\" content=\"3 minutes\" \/>\n<script type=\"application\/ld+json\" class=\"yoast-schema-graph\">{\"@context\":\"https:\/\/schema.org\",\"@graph\":[{\"@type\":\"WebPage\",\"@id\":\"https:\/\/bovicer.pt\/\",\"url\":\"https:\/\/bovicer.pt\/\",\"name\":\"Home - Bovicer\",\"isPartOf\":{\"@id\":\"https:\/\/bovicer.pt\/#website\"},\"primaryImageOfPage\":{\"@id\":\"https:\/\/bovicer.pt\/#primaryimage\"},\"image\":{\"@id\":\"https:\/\/bovicer.pt\/#primaryimage\"},\"thumbnailUrl\":\"https:\/\/bovicer.pt\/wp-content\/uploads\/2024\/04\/horadeagir1-1024x576.jpg\",\"datePublished\":\"2023-05-02T22:54:36+00:00\",\"dateModified\":\"2025-07-03T11:14:42+00:00\",\"breadcrumb\":{\"@id\":\"https:\/\/bovicer.pt\/#breadcrumb\"},\"inLanguage\":\"en-GB\",\"potentialAction\":[{\"@type\":\"ReadAction\",\"target\":[\"https:\/\/bovicer.pt\/\"]}]},{\"@type\":\"ImageObject\",\"inLanguage\":\"en-GB\",\"@id\":\"https:\/\/bovicer.pt\/#primaryimage\",\"url\":\"https:\/\/bovicer.pt\/wp-content\/uploads\/2024\/04\/horadeagir1-1024x576.jpg\",\"contentUrl\":\"https:\/\/bovicer.pt\/wp-content\/uploads\/2024\/04\/horadeagir1-1024x576.jpg\"},{\"@type\":\"BreadcrumbList\",\"@id\":\"https:\/\/bovicer.pt\/#breadcrumb\",\"itemListElement\":[{\"@type\":\"ListItem\",\"position\":1,\"name\":\"In\u00edcio\",\"item\":\"https:\/\/bovicer.pt\/\"},{\"@type\":\"ListItem\",\"position\":2,\"name\":\"Home\"}]},{\"@type\":\"WebSite\",\"@id\":\"https:\/\/bovicer.pt\/#website\",\"url\":\"https:\/\/bovicer.pt\/\",\"name\":\"Bovicer\",\"description\":\"Bovinos e Cereais\",\"publisher\":{\"@id\":\"https:\/\/bovicer.pt\/#organization\"},\"potentialAction\":[{\"@type\":\"SearchAction\",\"target\":{\"@type\":\"EntryPoint\",\"urlTemplate\":\"https:\/\/bovicer.pt\/?s={search_term_string}\"},\"query-input\":{\"@type\":\"PropertyValueSpecification\",\"valueRequired\":true,\"valueName\":\"search_term_string\"}}],\"inLanguage\":\"en-GB\"},{\"@type\":\"Organization\",\"@id\":\"https:\/\/bovicer.pt\/#organization\",\"name\":\"Bovicer\",\"url\":\"https:\/\/bovicer.pt\/\",\"logo\":{\"@type\":\"ImageObject\",\"inLanguage\":\"en-GB\",\"@id\":\"https:\/\/bovicer.pt\/#\/schema\/logo\/image\/\",\"url\":\"https:\/\/bovicer.pt\/wp-content\/uploads\/2023\/05\/bovi_footer.svg\",\"contentUrl\":\"https:\/\/bovicer.pt\/wp-content\/uploads\/2023\/05\/bovi_footer.svg\",\"width\":2463,\"height\":417,\"caption\":\"Bovicer\"},\"image\":{\"@id\":\"https:\/\/bovicer.pt\/#\/schema\/logo\/image\/\"}}]}<\/script>\n<!-- \/ Yoast SEO plugin. -->","yoast_head_json":{"title":"Home - Bovicer","robots":{"index":"index","follow":"follow","max-snippet":"max-snippet:-1","max-image-preview":"max-image-preview:large","max-video-preview":"max-video-preview:-1"},"canonical":"https:\/\/bovicer.pt\/en\/","og_locale":"en_GB","og_type":"article","og_title":"Home - Bovicer","og_description":"mais de 50 anos Sustentabilidade econ\u00f3mica e ambiental Partilhar o que fizemos no passado, o que fazemos no presente e o que faremos no futuro \u00e9 nossa obriga\u00e7\u00e3o, para os que estiveram antes de n\u00f3s e para os que vir\u00e3o no futuro O que nos move Herdade da Parreira 1972 &#8211; 2022 &#8211; 50 anos [&hellip;]","og_url":"https:\/\/bovicer.pt\/en\/","og_site_name":"Bovicer","article_modified_time":"2025-07-03T11:14:42+00:00","og_image":[{"width":1920,"height":1080,"url":"https:\/\/bovicer.pt\/wp-content\/uploads\/2024\/04\/horadeagir1.jpg","type":"image\/jpeg"}],"twitter_card":"summary_large_image","twitter_misc":{"Estimated reading time":"3 minutes"},"schema":{"@context":"https:\/\/schema.org","@graph":[{"@type":"WebPage","@id":"https:\/\/bovicer.pt\/","url":"https:\/\/bovicer.pt\/","name":"Home - Bovicer","isPartOf":{"@id":"https:\/\/bovicer.pt\/#website"},"primaryImageOfPage":{"@id":"https:\/\/bovicer.pt\/#primaryimage"},"image":{"@id":"https:\/\/bovicer.pt\/#primaryimage"},"thumbnailUrl":"https:\/\/bovicer.pt\/wp-content\/uploads\/2024\/04\/horadeagir1-1024x576.jpg","datePublished":"2023-05-02T22:54:36+00:00","dateModified":"2025-07-03T11:14:42+00:00","breadcrumb":{"@id":"https:\/\/bovicer.pt\/#breadcrumb"},"inLanguage":"en-GB","potentialAction":[{"@type":"ReadAction","target":["https:\/\/bovicer.pt\/"]}]},{"@type":"ImageObject","inLanguage":"en-GB","@id":"https:\/\/bovicer.pt\/#primaryimage","url":"https:\/\/bovicer.pt\/wp-content\/uploads\/2024\/04\/horadeagir1-1024x576.jpg","contentUrl":"https:\/\/bovicer.pt\/wp-content\/uploads\/2024\/04\/horadeagir1-1024x576.jpg"},{"@type":"BreadcrumbList","@id":"https:\/\/bovicer.pt\/#breadcrumb","itemListElement":[{"@type":"ListItem","position":1,"name":"In\u00edcio","item":"https:\/\/bovicer.pt\/"},{"@type":"ListItem","position":2,"name":"Home"}]},{"@type":"WebSite","@id":"https:\/\/bovicer.pt\/#website","url":"https:\/\/bovicer.pt\/","name":"Bovicer","description":"Bovinos e Cereais","publisher":{"@id":"https:\/\/bovicer.pt\/#organization"},"potentialAction":[{"@type":"SearchAction","target":{"@type":"EntryPoint","urlTemplate":"https:\/\/bovicer.pt\/?s={search_term_string}"},"query-input":{"@type":"PropertyValueSpecification","valueRequired":true,"valueName":"search_term_string"}}],"inLanguage":"en-GB"},{"@type":"Organization","@id":"https:\/\/bovicer.pt\/#organization","name":"Bovicer","url":"https:\/\/bovicer.pt\/","logo":{"@type":"ImageObject","inLanguage":"en-GB","@id":"https:\/\/bovicer.pt\/#\/schema\/logo\/image\/","url":"https:\/\/bovicer.pt\/wp-content\/uploads\/2023\/05\/bovi_footer.svg","contentUrl":"https:\/\/bovicer.pt\/wp-content\/uploads\/2023\/05\/bovi_footer.svg","width":2463,"height":417,"caption":"Bovicer"},"image":{"@id":"https:\/\/bovicer.pt\/#\/schema\/logo\/image\/"}}]}},"_links":{"self":[{"href":"https:\/\/bovicer.pt\/en\/wp-json\/wp\/v2\/pages\/41","targetHints":{"allow":["GET"]}}],"collection":[{"href":"https:\/\/bovicer.pt\/en\/wp-json\/wp\/v2\/pages"}],"about":[{"href":"https:\/\/bovicer.pt\/en\/wp-json\/wp\/v2\/types\/page"}],"author":[{"embeddable":true,"href":"https:\/\/bovicer.pt\/en\/wp-json\/wp\/v2\/users\/1"}],"replies":[{"embeddable":true,"href":"https:\/\/bovicer.pt\/en\/wp-json\/wp\/v2\/comments?post=41"}],"version-history":[{"count":0,"href":"https:\/\/bovicer.pt\/en\/wp-json\/wp\/v2\/pages\/41\/revisions"}],"wp:attachment":[{"href":"https:\/\/bovicer.pt\/en\/wp-json\/wp\/v2\/media?parent=41"}],"curies":[{"name":"wp","href":"https:\/\/api.w.org\/{rel}","templated":true}]}}