{"id":452,"date":"2023-06-02T15:24:11","date_gmt":"2023-06-02T15:24:11","guid":{"rendered":"https:\/\/bovicer.pt\/?page_id=452"},"modified":"2025-07-15T19:38:06","modified_gmt":"2025-07-15T19:38:06","slug":"o-que-nos-move","status":"publish","type":"page","link":"https:\/\/bovicer.pt\/en\/o-que-nos-move\/","title":{"rendered":"O que nos Move"},"content":{"rendered":"<div data-elementor-type=\"wp-page\" data-elementor-id=\"452\" class=\"elementor elementor-452\" data-elementor-post-type=\"page\">\n\t\t\t\t\t\t<section class=\"elementor-section elementor-top-section elementor-element elementor-element-a7e2369 elementor-section-height-min-height elementor-section-content-middle elementor-section-boxed elementor-section-height-default elementor-section-items-middle\" data-id=\"a7e2369\" data-element_type=\"section\" data-settings=\"{&quot;background_background&quot;:&quot;classic&quot;}\">\n\t\t\t\t\t\t\t<div class=\"elementor-background-overlay\"><\/div>\n\t\t\t\t\t\t\t<div class=\"elementor-container elementor-column-gap-no\">\n\t\t\t\t\t<div class=\"elementor-column elementor-col-100 elementor-top-column elementor-element elementor-element-aaa25fc\" data-id=\"aaa25fc\" data-element_type=\"column\" data-settings=\"{&quot;motion_fx_motion_fx_scrolling&quot;:&quot;yes&quot;,&quot;motion_fx_translateY_effect&quot;:&quot;yes&quot;,&quot;motion_fx_translateY_speed&quot;:{&quot;unit&quot;:&quot;px&quot;,&quot;size&quot;:1,&quot;sizes&quot;:[]},&quot;motion_fx_translateY_affectedRange&quot;:{&quot;unit&quot;:&quot;%&quot;,&quot;size&quot;:&quot;&quot;,&quot;sizes&quot;:{&quot;start&quot;:0,&quot;end&quot;:100}},&quot;motion_fx_devices&quot;:[&quot;desktop&quot;,&quot;laptop&quot;,&quot;tablet&quot;,&quot;mobile&quot;]}\">\n\t\t\t<div class=\"elementor-widget-wrap elementor-element-populated\">\n\t\t\t\t\t\t<div class=\"elementor-element elementor-element-b3c2257 elementor-widget elementor-widget-heading\" data-id=\"b3c2257\" data-element_type=\"widget\" data-widget_type=\"heading.default\">\n\t\t\t\t<div class=\"elementor-widget-container\">\n\t\t\t\t\t<h1 class=\"elementor-heading-title elementor-size-default\">WHAT DRIVES US<\/h1>\t\t\t\t<\/div>\n\t\t\t\t<\/div>\n\t\t\t\t\t<\/div>\n\t\t<\/div>\n\t\t\t\t\t<\/div>\n\t\t<\/section>\n\t\t<div class=\"elementor-element elementor-element-13bdf9d e-flex e-con-boxed e-con e-parent\" data-id=\"13bdf9d\" data-element_type=\"container\">\n\t\t\t\t\t<div class=\"e-con-inner\">\n\t\t<div class=\"elementor-element elementor-element-2d6c6e5 e-con-full e-flex e-con e-child\" data-id=\"2d6c6e5\" data-element_type=\"container\" data-settings=\"{&quot;background_background&quot;:&quot;classic&quot;,&quot;background_motion_fx_motion_fx_scrolling&quot;:&quot;yes&quot;,&quot;background_motion_fx_scale_effect&quot;:&quot;yes&quot;,&quot;background_motion_fx_scale_direction&quot;:&quot;out-in&quot;,&quot;background_motion_fx_scale_speed&quot;:{&quot;unit&quot;:&quot;px&quot;,&quot;size&quot;:4,&quot;sizes&quot;:[]},&quot;background_motion_fx_scale_range&quot;:{&quot;unit&quot;:&quot;%&quot;,&quot;size&quot;:&quot;&quot;,&quot;sizes&quot;:{&quot;start&quot;:20,&quot;end&quot;:80}},&quot;background_motion_fx_devices&quot;:[&quot;desktop&quot;,&quot;laptop&quot;,&quot;tablet&quot;,&quot;mobile&quot;]}\">\n\t\t\t\t<div class=\"elementor-element elementor-element-a258faf elementor-widget elementor-widget-heading\" data-id=\"a258faf\" data-element_type=\"widget\" data-widget_type=\"heading.default\">\n\t\t\t\t<div class=\"elementor-widget-container\">\n\t\t\t\t\t<h2 class=\"elementor-heading-title elementor-size-default\">Soil<\/h2>\t\t\t\t<\/div>\n\t\t\t\t<\/div>\n\t\t\t\t<div class=\"elementor-element elementor-element-694f165 elementor-widget elementor-widget-text-editor\" data-id=\"694f165\" data-element_type=\"widget\" data-widget_type=\"text-editor.default\">\n\t\t\t\t<div class=\"elementor-widget-container\">\n\t\t\t\t\t\t\t\t\t<p>To make the soil more fertile than the one we found. This legacy is a reality and makes a difference for those who come next.<\/p>\t\t\t\t\t\t\t\t<\/div>\n\t\t\t\t<\/div>\n\t\t\t\t<\/div>\n\t\t<div class=\"elementor-element elementor-element-670d9da e-con-full e-flex e-con e-child\" data-id=\"670d9da\" data-element_type=\"container\" data-settings=\"{&quot;background_background&quot;:&quot;classic&quot;}\">\n\t\t\t\t<div class=\"elementor-element elementor-element-b8e88c7 elementor-widget elementor-widget-heading\" data-id=\"b8e88c7\" data-element_type=\"widget\" data-widget_type=\"heading.default\">\n\t\t\t\t<div class=\"elementor-widget-container\">\n\t\t\t\t\t<h2 class=\"elementor-heading-title elementor-size-default\">How do we explore our soils?<\/h2>\t\t\t\t<\/div>\n\t\t\t\t<\/div>\n\t\t\t\t<div class=\"elementor-element elementor-element-e531c05 elementor-widget elementor-widget-image\" data-id=\"e531c05\" data-element_type=\"widget\" data-widget_type=\"image.default\">\n\t\t\t\t<div class=\"elementor-widget-container\">\n\t\t\t\t\t\t\t\t\t\t\t\t\t\t\t<img fetchpriority=\"high\" decoding=\"async\" width=\"800\" height=\"566\" src=\"https:\/\/bovicer.pt\/wp-content\/uploads\/2025\/07\/diagramas-en-001.png\" class=\"attachment-large size-large wp-image-1256\" alt=\"\" srcset=\"https:\/\/bovicer.pt\/wp-content\/uploads\/2025\/07\/diagramas-en-001.png 640w, https:\/\/bovicer.pt\/wp-content\/uploads\/2025\/07\/diagramas-en-001-300x212.png 300w, https:\/\/bovicer.pt\/wp-content\/uploads\/2025\/07\/diagramas-en-001-18x12.png 18w\" sizes=\"(max-width: 800px) 100vw, 800px\" \/>\t\t\t\t\t\t\t\t\t\t\t\t\t\t\t<\/div>\n\t\t\t\t<\/div>\n\t\t\t\t<\/div>\n\t\t\t\t\t<\/div>\n\t\t\t\t<\/div>\n\t\t<div class=\"elementor-element elementor-element-555d809 e-flex e-con-boxed e-con e-parent\" data-id=\"555d809\" data-element_type=\"container\">\n\t\t\t\t\t<div class=\"e-con-inner\">\n\t\t<div class=\"elementor-element elementor-element-7ad7dc5 e-con-full e-flex e-con e-child\" data-id=\"7ad7dc5\" data-element_type=\"container\" data-settings=\"{&quot;background_background&quot;:&quot;classic&quot;,&quot;background_motion_fx_motion_fx_scrolling&quot;:&quot;yes&quot;,&quot;background_motion_fx_scale_effect&quot;:&quot;yes&quot;,&quot;background_motion_fx_scale_direction&quot;:&quot;in-out&quot;,&quot;background_motion_fx_scale_speed&quot;:{&quot;unit&quot;:&quot;px&quot;,&quot;size&quot;:4,&quot;sizes&quot;:[]},&quot;background_motion_fx_scale_range&quot;:{&quot;unit&quot;:&quot;%&quot;,&quot;size&quot;:&quot;&quot;,&quot;sizes&quot;:{&quot;start&quot;:20,&quot;end&quot;:80}},&quot;background_motion_fx_devices&quot;:[&quot;desktop&quot;,&quot;laptop&quot;,&quot;tablet&quot;,&quot;mobile&quot;]}\">\n\t\t\t\t<div class=\"elementor-element elementor-element-b27e11d elementor-widget elementor-widget-heading\" data-id=\"b27e11d\" data-element_type=\"widget\" data-widget_type=\"heading.default\">\n\t\t\t\t<div class=\"elementor-widget-container\">\n\t\t\t\t\t<h2 class=\"elementor-heading-title elementor-size-default\">Responsibility<\/h2>\t\t\t\t<\/div>\n\t\t\t\t<\/div>\n\t\t\t\t<div class=\"elementor-element elementor-element-009474e elementor-widget elementor-widget-text-editor\" data-id=\"009474e\" data-element_type=\"widget\" data-widget_type=\"text-editor.default\">\n\t\t\t\t<div class=\"elementor-widget-container\">\n\t\t\t\t\t\t\t\t\t<p>Contribute to climate change mitigation through carbon sequestration and reduction of GHG emissions. Act and manage with social responsibility.<\/p>\t\t\t\t\t\t\t\t<\/div>\n\t\t\t\t<\/div>\n\t\t\t\t<\/div>\n\t\t<div class=\"elementor-element elementor-element-3a654d6 e-con-full e-flex e-con e-child\" data-id=\"3a654d6\" data-element_type=\"container\" data-settings=\"{&quot;background_background&quot;:&quot;classic&quot;}\">\n\t\t\t\t<div class=\"elementor-element elementor-element-3b6537e elementor-widget-divider--view-line elementor-widget elementor-widget-divider\" data-id=\"3b6537e\" data-element_type=\"widget\" data-widget_type=\"divider.default\">\n\t\t\t\t<div class=\"elementor-widget-container\">\n\t\t\t\t\t\t\t<div class=\"elementor-divider\">\n\t\t\t<span class=\"elementor-divider-separator\">\n\t\t\t\t\t\t<\/span>\n\t\t<\/div>\n\t\t\t\t\t\t<\/div>\n\t\t\t\t<\/div>\n\t\t\t\t<div class=\"elementor-element elementor-element-d571151 elementor-widget elementor-widget-text-editor\" data-id=\"d571151\" data-element_type=\"widget\" data-widget_type=\"text-editor.default\">\n\t\t\t\t<div class=\"elementor-widget-container\">\n\t\t\t\t\t\t\t\t\t<p>We act with environmental responsibility to preserve and restore biodiversity and promote a healthy and environmentally friendly food chain.<\/p><p>We act with social responsibility and contribute to the regional economy by retaining specialised labour in the region, which is essential for combating desertification in the interior of the country.<\/p>\t\t\t\t\t\t\t\t<\/div>\n\t\t\t\t<\/div>\n\t\t\t\t<\/div>\n\t\t\t\t\t<\/div>\n\t\t\t\t<\/div>\n\t\t<div class=\"elementor-element elementor-element-7502d2f e-flex e-con-boxed e-con e-parent\" data-id=\"7502d2f\" data-element_type=\"container\">\n\t\t\t\t\t<div class=\"e-con-inner\">\n\t\t<div class=\"elementor-element elementor-element-19428e0 e-con-full e-flex e-con e-child\" data-id=\"19428e0\" data-element_type=\"container\" data-settings=\"{&quot;background_background&quot;:&quot;classic&quot;,&quot;background_motion_fx_motion_fx_scrolling&quot;:&quot;yes&quot;,&quot;background_motion_fx_scale_effect&quot;:&quot;yes&quot;,&quot;background_motion_fx_scale_direction&quot;:&quot;out-in&quot;,&quot;background_motion_fx_scale_speed&quot;:{&quot;unit&quot;:&quot;px&quot;,&quot;size&quot;:4,&quot;sizes&quot;:[]},&quot;background_motion_fx_scale_range&quot;:{&quot;unit&quot;:&quot;%&quot;,&quot;size&quot;:&quot;&quot;,&quot;sizes&quot;:{&quot;start&quot;:20,&quot;end&quot;:80}},&quot;background_motion_fx_devices&quot;:[&quot;desktop&quot;,&quot;laptop&quot;,&quot;tablet&quot;,&quot;mobile&quot;]}\">\n\t\t\t\t<div class=\"elementor-element elementor-element-1a066f8 elementor-widget elementor-widget-heading\" data-id=\"1a066f8\" data-element_type=\"widget\" data-widget_type=\"heading.default\">\n\t\t\t\t<div class=\"elementor-widget-container\">\n\t\t\t\t\t<h2 class=\"elementor-heading-title elementor-size-default\">Research and Innovation<\/h2>\t\t\t\t<\/div>\n\t\t\t\t<\/div>\n\t\t\t\t<div class=\"elementor-element elementor-element-e797fc8 elementor-widget elementor-widget-text-editor\" data-id=\"e797fc8\" data-element_type=\"widget\" data-widget_type=\"text-editor.default\">\n\t\t\t\t<div class=\"elementor-widget-container\">\n\t\t\t\t\t\t\t\t\t<p>A Ci\u00eancia \u00e9 o elemento chave na evolu\u00e7\u00e3o da Bovicer.<br \/>We are founders of the U\u00c9vora Soil Chair.<\/p>\t\t\t\t\t\t\t\t<\/div>\n\t\t\t\t<\/div>\n\t\t\t\t<\/div>\n\t\t<div class=\"elementor-element elementor-element-1b0ef58 e-con-full e-flex e-con e-child\" data-id=\"1b0ef58\" data-element_type=\"container\" data-settings=\"{&quot;background_background&quot;:&quot;classic&quot;}\">\n\t\t\t\t<div class=\"elementor-element elementor-element-73235fd elementor-widget-divider--view-line elementor-widget elementor-widget-divider\" data-id=\"73235fd\" data-element_type=\"widget\" data-widget_type=\"divider.default\">\n\t\t\t\t<div class=\"elementor-widget-container\">\n\t\t\t\t\t\t\t<div class=\"elementor-divider\">\n\t\t\t<span class=\"elementor-divider-separator\">\n\t\t\t\t\t\t<\/span>\n\t\t<\/div>\n\t\t\t\t\t\t<\/div>\n\t\t\t\t<\/div>\n\t\t\t\t<div class=\"elementor-element elementor-element-1c4d72f elementor-widget elementor-widget-text-editor\" data-id=\"1c4d72f\" data-element_type=\"widget\" data-widget_type=\"text-editor.default\">\n\t\t\t\t<div class=\"elementor-widget-container\">\n\t\t\t\t\t\t\t\t\t<p>We signed a protocol for the creation of the Chair of Soil at the University of \u00c9vora, within the scope of a long-standing cooperation. Our objectives, among others, are to promote conservation agriculture and soil regenerative practices in the Alentejo region, supporting, in particular, research and evaluation of results. These results will be disseminated to the sector.<\/p>\t\t\t\t\t\t\t\t<\/div>\n\t\t\t\t<\/div>\n\t\t\t\t<\/div>\n\t\t\t\t\t<\/div>\n\t\t\t\t<\/div>\n\t\t<div class=\"elementor-element elementor-element-d97dc13 e-flex e-con-boxed e-con e-parent\" data-id=\"d97dc13\" data-element_type=\"container\">\n\t\t\t\t\t<div class=\"e-con-inner\">\n\t\t<div class=\"elementor-element elementor-element-00a72af e-con-full e-flex e-con e-child\" data-id=\"00a72af\" data-element_type=\"container\" data-settings=\"{&quot;background_background&quot;:&quot;classic&quot;,&quot;background_motion_fx_motion_fx_scrolling&quot;:&quot;yes&quot;,&quot;background_motion_fx_scale_effect&quot;:&quot;yes&quot;,&quot;background_motion_fx_scale_direction&quot;:&quot;in-out&quot;,&quot;background_motion_fx_scale_speed&quot;:{&quot;unit&quot;:&quot;px&quot;,&quot;size&quot;:4,&quot;sizes&quot;:[]},&quot;background_motion_fx_scale_range&quot;:{&quot;unit&quot;:&quot;%&quot;,&quot;size&quot;:&quot;&quot;,&quot;sizes&quot;:{&quot;start&quot;:20,&quot;end&quot;:80}},&quot;background_motion_fx_devices&quot;:[&quot;desktop&quot;,&quot;laptop&quot;,&quot;tablet&quot;,&quot;mobile&quot;]}\">\n\t\t\t\t<div class=\"elementor-element elementor-element-910425a elementor-widget elementor-widget-heading\" data-id=\"910425a\" data-element_type=\"widget\" data-widget_type=\"heading.default\">\n\t\t\t\t<div class=\"elementor-widget-container\">\n\t\t\t\t\t<h2 class=\"elementor-heading-title elementor-size-default\">Agro-silvo-pastoral systems<\/h2>\t\t\t\t<\/div>\n\t\t\t\t<\/div>\n\t\t\t\t<div class=\"elementor-element elementor-element-f9a58c4 elementor-widget elementor-widget-text-editor\" data-id=\"f9a58c4\" data-element_type=\"widget\" data-widget_type=\"text-editor.default\">\n\t\t\t\t<div class=\"elementor-widget-container\">\n\t\t\t\t\t\t\t\t\t<p>The vocation of our territory is the agro-silvo-pastoral systems, as it is the synergies and complementarity between the three activities that allow us to sustain the business.<\/p>\t\t\t\t\t\t\t\t<\/div>\n\t\t\t\t<\/div>\n\t\t\t\t<\/div>\n\t\t<div class=\"elementor-element elementor-element-a0b066b e-con-full e-flex e-con e-child\" data-id=\"a0b066b\" data-element_type=\"container\" data-settings=\"{&quot;background_background&quot;:&quot;classic&quot;}\">\n\t\t\t\t<div class=\"elementor-element elementor-element-40082c4 elementor-widget-divider--view-line elementor-widget elementor-widget-divider\" data-id=\"40082c4\" data-element_type=\"widget\" data-widget_type=\"divider.default\">\n\t\t\t\t<div class=\"elementor-widget-container\">\n\t\t\t\t\t\t\t<div class=\"elementor-divider\">\n\t\t\t<span class=\"elementor-divider-separator\">\n\t\t\t\t\t\t<\/span>\n\t\t<\/div>\n\t\t\t\t\t\t<\/div>\n\t\t\t\t<\/div>\n\t\t\t\t<div class=\"elementor-element elementor-element-e127ef5 elementor-widget elementor-widget-text-editor\" data-id=\"e127ef5\" data-element_type=\"widget\" data-widget_type=\"text-editor.default\">\n\t\t\t\t<div class=\"elementor-widget-container\">\n\t\t\t\t\t\t\t\t\t<p>The model in force in this agricultural company has to serve as an inspiration for most companies in the Alentejo. The vocation of our territory is the agro-silvo-pastoral systems, as it is the synergies and complementarity between the three activities that allow us to sustain the business in the face of existing conditions, particularly soil and climate. We are currently witnessing the disappearance of the agricultural component of the system, which weakens the other two activities, in particular livestock. The solution found to bring irrigation to autumn\/winter, thus sustaining cereal production, is an example that has to be followed very carefully in the country's options.<\/p><p><strong>Prof. M\u00e1rio Carvalho<\/strong><br \/>\u00c9vora, 18 September 2020<\/p>\t\t\t\t\t\t\t\t<\/div>\n\t\t\t\t<\/div>\n\t\t\t\t<\/div>\n\t\t\t\t\t<\/div>\n\t\t\t\t<\/div>\n\t\t\t\t<\/div>","protected":false},"excerpt":{"rendered":"<p>O QUE NOS MOVE Solo Deixar o solo mais f\u00e9rtil do que aquele que encontr\u00e1mos. Esse legado \u00e9 uma realidade e faz a diferen\u00e7a para quem vier a seguir. Como exploramos os nossos solos? Responsabilidade Contribuir para a mitiga\u00e7\u00e3o das altera\u00e7\u00f5es clim\u00e1ticas atrav\u00e9s do sequestro de carbono e redu\u00e7\u00e3o das emiss\u00f5es de GEF. Atuar e [&hellip;]<\/p>","protected":false},"author":1,"featured_media":1268,"parent":0,"menu_order":0,"comment_status":"closed","ping_status":"closed","template":"elementor_header_footer","meta":{"inline_featured_image":false,"footnotes":""},"class_list":["post-452","page","type-page","status-publish","has-post-thumbnail","hentry"],"yoast_head":"<!-- This site is optimized with the Yoast SEO plugin v25.5 - https:\/\/yoast.com\/wordpress\/plugins\/seo\/ -->\n<title>O que nos Move - Bovicer<\/title>\n<meta name=\"robots\" content=\"index, follow, max-snippet:-1, max-image-preview:large, max-video-preview:-1\" \/>\n<link rel=\"canonical\" href=\"https:\/\/bovicer.pt\/en\/o-que-nos-move\/\" \/>\n<meta property=\"og:locale\" content=\"en_GB\" \/>\n<meta property=\"og:type\" content=\"article\" \/>\n<meta property=\"og:title\" content=\"O que nos Move - Bovicer\" \/>\n<meta property=\"og:description\" content=\"O QUE NOS MOVE Solo Deixar o solo mais f\u00e9rtil do que aquele que encontr\u00e1mos. Esse legado \u00e9 uma realidade e faz a diferen\u00e7a para quem vier a seguir. Como exploramos os nossos solos? Responsabilidade Contribuir para a mitiga\u00e7\u00e3o das altera\u00e7\u00f5es clim\u00e1ticas atrav\u00e9s do sequestro de carbono e redu\u00e7\u00e3o das emiss\u00f5es de GEF. Atuar e [&hellip;]\" \/>\n<meta property=\"og:url\" content=\"https:\/\/bovicer.pt\/en\/o-que-nos-move\/\" \/>\n<meta property=\"og:site_name\" content=\"Bovicer\" \/>\n<meta property=\"article:modified_time\" content=\"2025-07-15T19:38:06+00:00\" \/>\n<meta property=\"og:image\" content=\"https:\/\/bovicer.pt\/wp-content\/uploads\/2024\/02\/1.jpg\" \/>\n\t<meta property=\"og:image:width\" content=\"2560\" \/>\n\t<meta property=\"og:image:height\" content=\"1920\" \/>\n\t<meta property=\"og:image:type\" content=\"image\/jpeg\" \/>\n<meta name=\"twitter:card\" content=\"summary_large_image\" \/>\n<meta name=\"twitter:label1\" content=\"Estimated reading time\" \/>\n\t<meta name=\"twitter:data1\" content=\"2 minutes\" \/>\n<script type=\"application\/ld+json\" class=\"yoast-schema-graph\">{\"@context\":\"https:\/\/schema.org\",\"@graph\":[{\"@type\":\"WebPage\",\"@id\":\"https:\/\/bovicer.pt\/o-que-nos-move\/\",\"url\":\"https:\/\/bovicer.pt\/o-que-nos-move\/\",\"name\":\"O que nos Move - Bovicer\",\"isPartOf\":{\"@id\":\"https:\/\/bovicer.pt\/#website\"},\"primaryImageOfPage\":{\"@id\":\"https:\/\/bovicer.pt\/o-que-nos-move\/#primaryimage\"},\"image\":{\"@id\":\"https:\/\/bovicer.pt\/o-que-nos-move\/#primaryimage\"},\"thumbnailUrl\":\"https:\/\/bovicer.pt\/wp-content\/uploads\/2024\/02\/1.jpg\",\"datePublished\":\"2023-06-02T15:24:11+00:00\",\"dateModified\":\"2025-07-15T19:38:06+00:00\",\"breadcrumb\":{\"@id\":\"https:\/\/bovicer.pt\/o-que-nos-move\/#breadcrumb\"},\"inLanguage\":\"en-GB\",\"potentialAction\":[{\"@type\":\"ReadAction\",\"target\":[\"https:\/\/bovicer.pt\/o-que-nos-move\/\"]}]},{\"@type\":\"ImageObject\",\"inLanguage\":\"en-GB\",\"@id\":\"https:\/\/bovicer.pt\/o-que-nos-move\/#primaryimage\",\"url\":\"https:\/\/bovicer.pt\/wp-content\/uploads\/2024\/02\/1.jpg\",\"contentUrl\":\"https:\/\/bovicer.pt\/wp-content\/uploads\/2024\/02\/1.jpg\",\"width\":2560,\"height\":1920,\"caption\":\"DCIM100GOPROGOPR0097.JPG\"},{\"@type\":\"BreadcrumbList\",\"@id\":\"https:\/\/bovicer.pt\/o-que-nos-move\/#breadcrumb\",\"itemListElement\":[{\"@type\":\"ListItem\",\"position\":1,\"name\":\"In\u00edcio\",\"item\":\"https:\/\/bovicer.pt\/\"},{\"@type\":\"ListItem\",\"position\":2,\"name\":\"O que nos Move\"}]},{\"@type\":\"WebSite\",\"@id\":\"https:\/\/bovicer.pt\/#website\",\"url\":\"https:\/\/bovicer.pt\/\",\"name\":\"Bovicer\",\"description\":\"Bovinos e Cereais\",\"publisher\":{\"@id\":\"https:\/\/bovicer.pt\/#organization\"},\"potentialAction\":[{\"@type\":\"SearchAction\",\"target\":{\"@type\":\"EntryPoint\",\"urlTemplate\":\"https:\/\/bovicer.pt\/?s={search_term_string}\"},\"query-input\":{\"@type\":\"PropertyValueSpecification\",\"valueRequired\":true,\"valueName\":\"search_term_string\"}}],\"inLanguage\":\"en-GB\"},{\"@type\":\"Organization\",\"@id\":\"https:\/\/bovicer.pt\/#organization\",\"name\":\"Bovicer\",\"url\":\"https:\/\/bovicer.pt\/\",\"logo\":{\"@type\":\"ImageObject\",\"inLanguage\":\"en-GB\",\"@id\":\"https:\/\/bovicer.pt\/#\/schema\/logo\/image\/\",\"url\":\"https:\/\/bovicer.pt\/wp-content\/uploads\/2023\/05\/bovi_footer.svg\",\"contentUrl\":\"https:\/\/bovicer.pt\/wp-content\/uploads\/2023\/05\/bovi_footer.svg\",\"width\":2463,\"height\":417,\"caption\":\"Bovicer\"},\"image\":{\"@id\":\"https:\/\/bovicer.pt\/#\/schema\/logo\/image\/\"}}]}<\/script>\n<!-- \/ Yoast SEO plugin. -->","yoast_head_json":{"title":"O que nos Move - Bovicer","robots":{"index":"index","follow":"follow","max-snippet":"max-snippet:-1","max-image-preview":"max-image-preview:large","max-video-preview":"max-video-preview:-1"},"canonical":"https:\/\/bovicer.pt\/en\/o-que-nos-move\/","og_locale":"en_GB","og_type":"article","og_title":"O que nos Move - Bovicer","og_description":"O QUE NOS MOVE Solo Deixar o solo mais f\u00e9rtil do que aquele que encontr\u00e1mos. Esse legado \u00e9 uma realidade e faz a diferen\u00e7a para quem vier a seguir. Como exploramos os nossos solos? Responsabilidade Contribuir para a mitiga\u00e7\u00e3o das altera\u00e7\u00f5es clim\u00e1ticas atrav\u00e9s do sequestro de carbono e redu\u00e7\u00e3o das emiss\u00f5es de GEF. Atuar e [&hellip;]","og_url":"https:\/\/bovicer.pt\/en\/o-que-nos-move\/","og_site_name":"Bovicer","article_modified_time":"2025-07-15T19:38:06+00:00","og_image":[{"width":2560,"height":1920,"url":"https:\/\/bovicer.pt\/wp-content\/uploads\/2024\/02\/1.jpg","type":"image\/jpeg"}],"twitter_card":"summary_large_image","twitter_misc":{"Estimated reading time":"2 minutes"},"schema":{"@context":"https:\/\/schema.org","@graph":[{"@type":"WebPage","@id":"https:\/\/bovicer.pt\/o-que-nos-move\/","url":"https:\/\/bovicer.pt\/o-que-nos-move\/","name":"O que nos Move - Bovicer","isPartOf":{"@id":"https:\/\/bovicer.pt\/#website"},"primaryImageOfPage":{"@id":"https:\/\/bovicer.pt\/o-que-nos-move\/#primaryimage"},"image":{"@id":"https:\/\/bovicer.pt\/o-que-nos-move\/#primaryimage"},"thumbnailUrl":"https:\/\/bovicer.pt\/wp-content\/uploads\/2024\/02\/1.jpg","datePublished":"2023-06-02T15:24:11+00:00","dateModified":"2025-07-15T19:38:06+00:00","breadcrumb":{"@id":"https:\/\/bovicer.pt\/o-que-nos-move\/#breadcrumb"},"inLanguage":"en-GB","potentialAction":[{"@type":"ReadAction","target":["https:\/\/bovicer.pt\/o-que-nos-move\/"]}]},{"@type":"ImageObject","inLanguage":"en-GB","@id":"https:\/\/bovicer.pt\/o-que-nos-move\/#primaryimage","url":"https:\/\/bovicer.pt\/wp-content\/uploads\/2024\/02\/1.jpg","contentUrl":"https:\/\/bovicer.pt\/wp-content\/uploads\/2024\/02\/1.jpg","width":2560,"height":1920,"caption":"DCIM100GOPROGOPR0097.JPG"},{"@type":"BreadcrumbList","@id":"https:\/\/bovicer.pt\/o-que-nos-move\/#breadcrumb","itemListElement":[{"@type":"ListItem","position":1,"name":"In\u00edcio","item":"https:\/\/bovicer.pt\/"},{"@type":"ListItem","position":2,"name":"O que nos Move"}]},{"@type":"WebSite","@id":"https:\/\/bovicer.pt\/#website","url":"https:\/\/bovicer.pt\/","name":"Bovicer","description":"Bovinos e Cereais","publisher":{"@id":"https:\/\/bovicer.pt\/#organization"},"potentialAction":[{"@type":"SearchAction","target":{"@type":"EntryPoint","urlTemplate":"https:\/\/bovicer.pt\/?s={search_term_string}"},"query-input":{"@type":"PropertyValueSpecification","valueRequired":true,"valueName":"search_term_string"}}],"inLanguage":"en-GB"},{"@type":"Organization","@id":"https:\/\/bovicer.pt\/#organization","name":"Bovicer","url":"https:\/\/bovicer.pt\/","logo":{"@type":"ImageObject","inLanguage":"en-GB","@id":"https:\/\/bovicer.pt\/#\/schema\/logo\/image\/","url":"https:\/\/bovicer.pt\/wp-content\/uploads\/2023\/05\/bovi_footer.svg","contentUrl":"https:\/\/bovicer.pt\/wp-content\/uploads\/2023\/05\/bovi_footer.svg","width":2463,"height":417,"caption":"Bovicer"},"image":{"@id":"https:\/\/bovicer.pt\/#\/schema\/logo\/image\/"}}]}},"_links":{"self":[{"href":"https:\/\/bovicer.pt\/en\/wp-json\/wp\/v2\/pages\/452","targetHints":{"allow":["GET"]}}],"collection":[{"href":"https:\/\/bovicer.pt\/en\/wp-json\/wp\/v2\/pages"}],"about":[{"href":"https:\/\/bovicer.pt\/en\/wp-json\/wp\/v2\/types\/page"}],"author":[{"embeddable":true,"href":"https:\/\/bovicer.pt\/en\/wp-json\/wp\/v2\/users\/1"}],"replies":[{"embeddable":true,"href":"https:\/\/bovicer.pt\/en\/wp-json\/wp\/v2\/comments?post=452"}],"version-history":[{"count":0,"href":"https:\/\/bovicer.pt\/en\/wp-json\/wp\/v2\/pages\/452\/revisions"}],"wp:featuredmedia":[{"embeddable":true,"href":"https:\/\/bovicer.pt\/en\/wp-json\/wp\/v2\/media\/1268"}],"wp:attachment":[{"href":"https:\/\/bovicer.pt\/en\/wp-json\/wp\/v2\/media?parent=452"}],"curies":[{"name":"wp","href":"https:\/\/api.w.org\/{rel}","templated":true}]}}